{"id":7782,"date":"2024-04-02T09:20:14","date_gmt":"2024-04-02T07:20:14","guid":{"rendered":"https:\/\/esla.crealogica.eu\/productos\/non class\u00e9\/a43010000-jeu-levier-de-frein-roues-avant-35-10103\/"},"modified":"2024-04-02T09:20:14","modified_gmt":"2024-04-02T07:20:14","slug":"a43010000-jeu-levier-de-frein-roues-avant-35-10103","status":"publish","type":"product","link":"https:\/\/www.esla.eu\/fr\/produits\/accessoires\/roues\/a43010000-jeu-levier-de-frein-roues-avant-35-10103\/","title":{"rendered":"A43010000 &#8211; Jeu levier de frein roues avant 35 \u00b0 &#8211; 10103"},"content":{"rendered":"<p>Jeu de 2 roues avant avec frein \u00e0 levier<\/p>\n<p>Avec son incorporation, la plateforme aura 4 roues.<\/p>\n<p>Les 2 \u00e0 l&#8217;arri\u00e8re sont guid\u00e9s pour faciliter les d\u00e9placements, et ceux-ci sont non guid\u00e9s permettant une meilleure mobilit\u00e9 dans toutes les directions.<\/p>\n<p>S\u00e9rie 10300<\/p>\n","protected":false},"excerpt":{"rendered":"<p>Jeu de 2 roues avant avec frein \u00e0 levier Avec son incorporation, la plateforme aura 4 roues. Les 2 \u00e0 l&#8217;arri\u00e8re sont guid\u00e9s pour faciliter les d\u00e9placements, et ceux-ci sont non guid\u00e9s permettant une meilleure mobilit\u00e9 dans toutes les directions. S\u00e9rie 10300<\/p>\n","protected":false},"featured_media":5184,"template":"","meta":{"inline_featured_image":false},"product_brand":[],"product_cat":[230],"product_tag":[],"class_list":{"0":"post-7782","1":"product","2":"type-product","3":"status-publish","4":"has-post-thumbnail","6":"product_cat-roues","8":"first","9":"instock","10":"shipping-taxable","11":"product-type-simple"},"_links":{"self":[{"href":"https:\/\/www.esla.eu\/fr\/wp-json\/wp\/v2\/product\/7782","targetHints":{"allow":["GET"]}}],"collection":[{"href":"https:\/\/www.esla.eu\/fr\/wp-json\/wp\/v2\/product"}],"about":[{"href":"https:\/\/www.esla.eu\/fr\/wp-json\/wp\/v2\/types\/product"}],"wp:featuredmedia":[{"embeddable":true,"href":"https:\/\/www.esla.eu\/fr\/wp-json\/wp\/v2\/media\/5184"}],"wp:attachment":[{"href":"https:\/\/www.esla.eu\/fr\/wp-json\/wp\/v2\/media?parent=7782"}],"wp:term":[{"taxonomy":"product_brand","embeddable":true,"href":"https:\/\/www.esla.eu\/fr\/wp-json\/wp\/v2\/product_brand?post=7782"},{"taxonomy":"product_cat","embeddable":true,"href":"https:\/\/www.esla.eu\/fr\/wp-json\/wp\/v2\/product_cat?post=7782"},{"taxonomy":"product_tag","embeddable":true,"href":"https:\/\/www.esla.eu\/fr\/wp-json\/wp\/v2\/product_tag?post=7782"}],"curies":[{"name":"wp","href":"https:\/\/api.w.org\/{rel}","templated":true}]}}