{"id":7795,"date":"2024-04-02T09:55:14","date_gmt":"2024-04-02T07:55:14","guid":{"rendered":"https:\/\/esla.crealogica.eu\/productos\/non class\u00e9\/e0210-garde-corps-secondaire-serie-10300-10310\/"},"modified":"2024-04-02T09:55:14","modified_gmt":"2024-04-02T07:55:14","slug":"e0210-garde-corps-secondaire-serie-10300-10310","status":"publish","type":"product","link":"https:\/\/www.esla.eu\/fr\/produits\/accessoires\/garde-corps\/e0210-garde-corps-secondaire-serie-10300-10310\/","title":{"rendered":"E0210 \u2013 Garde-corps secondaire &#8211; S\u00e9rie 10300 10310"},"content":{"rendered":"<p>Garde-corps suppl\u00e9mentaires pour les mod\u00e8les 10300 et 10310<\/p>\n","protected":false},"excerpt":{"rendered":"<p>Garde-corps suppl\u00e9mentaires pour les mod\u00e8les 10300 et 10310<\/p>\n","protected":false},"featured_media":5292,"template":"","meta":{"inline_featured_image":false},"product_brand":[],"product_cat":[231],"product_tag":[],"class_list":{"0":"post-7795","1":"product","2":"type-product","3":"status-publish","4":"has-post-thumbnail","6":"product_cat-garde-corps","8":"first","9":"instock","10":"shipping-taxable","11":"purchasable","12":"product-type-variable"},"_links":{"self":[{"href":"https:\/\/www.esla.eu\/fr\/wp-json\/wp\/v2\/product\/7795","targetHints":{"allow":["GET"]}}],"collection":[{"href":"https:\/\/www.esla.eu\/fr\/wp-json\/wp\/v2\/product"}],"about":[{"href":"https:\/\/www.esla.eu\/fr\/wp-json\/wp\/v2\/types\/product"}],"wp:featuredmedia":[{"embeddable":true,"href":"https:\/\/www.esla.eu\/fr\/wp-json\/wp\/v2\/media\/5292"}],"wp:attachment":[{"href":"https:\/\/www.esla.eu\/fr\/wp-json\/wp\/v2\/media?parent=7795"}],"wp:term":[{"taxonomy":"product_brand","embeddable":true,"href":"https:\/\/www.esla.eu\/fr\/wp-json\/wp\/v2\/product_brand?post=7795"},{"taxonomy":"product_cat","embeddable":true,"href":"https:\/\/www.esla.eu\/fr\/wp-json\/wp\/v2\/product_cat?post=7795"},{"taxonomy":"product_tag","embeddable":true,"href":"https:\/\/www.esla.eu\/fr\/wp-json\/wp\/v2\/product_tag?post=7795"}],"curies":[{"name":"wp","href":"https:\/\/api.w.org\/{rel}","templated":true}]}}