{"id":7856,"date":"2024-04-02T10:52:06","date_gmt":"2024-04-02T08:52:06","guid":{"rendered":"https:\/\/esla.crealogica.eu\/productos\/non%20class\u00e9\/e0310-main-courante-serie-10400\/"},"modified":"2025-05-29T16:05:42","modified_gmt":"2025-05-29T14:05:42","slug":"e0310-main-courante-serie-10400","status":"publish","type":"product","link":"https:\/\/www.esla.eu\/fr\/produits\/accessoires\/garde-corps\/e0310-main-courante-serie-10400\/","title":{"rendered":"E0310 &#8211; Main courante &#8211; S\u00e9rie 10400"},"content":{"rendered":"<p>Les rampes de plateforme avant et lat\u00e9rales conviennent \u00e0 tous les mod\u00e8les.<\/p>\n<p>Pour installer la main courante avant de la plateforme il est n\u00e9cessaire d&#8217;avoir les 2 c\u00f4t\u00e9s.<\/p>\n<p>Acc\u00e8s aux mains courantes uniquement \u00e0 partir du 1040503<\/p>\n","protected":false},"excerpt":{"rendered":"<p>Les rampes de plateforme avant et lat\u00e9rales conviennent \u00e0 tous les mod\u00e8les. Pour installer la main courante avant de la plateforme il est n\u00e9cessaire d&#8217;avoir les 2 c\u00f4t\u00e9s. Acc\u00e8s aux mains courantes uniquement \u00e0 partir du 1040503<\/p>\n","protected":false},"featured_media":5465,"template":"","meta":{"inline_featured_image":false},"product_brand":[],"product_cat":[231],"product_tag":[],"class_list":{"0":"post-7856","1":"product","2":"type-product","3":"status-publish","4":"has-post-thumbnail","6":"product_cat-garde-corps","8":"first","9":"instock","10":"shipping-taxable","11":"product-type-simple"},"_links":{"self":[{"href":"https:\/\/www.esla.eu\/fr\/wp-json\/wp\/v2\/product\/7856","targetHints":{"allow":["GET"]}}],"collection":[{"href":"https:\/\/www.esla.eu\/fr\/wp-json\/wp\/v2\/product"}],"about":[{"href":"https:\/\/www.esla.eu\/fr\/wp-json\/wp\/v2\/types\/product"}],"wp:featuredmedia":[{"embeddable":true,"href":"https:\/\/www.esla.eu\/fr\/wp-json\/wp\/v2\/media\/5465"}],"wp:attachment":[{"href":"https:\/\/www.esla.eu\/fr\/wp-json\/wp\/v2\/media?parent=7856"}],"wp:term":[{"taxonomy":"product_brand","embeddable":true,"href":"https:\/\/www.esla.eu\/fr\/wp-json\/wp\/v2\/product_brand?post=7856"},{"taxonomy":"product_cat","embeddable":true,"href":"https:\/\/www.esla.eu\/fr\/wp-json\/wp\/v2\/product_cat?post=7856"},{"taxonomy":"product_tag","embeddable":true,"href":"https:\/\/www.esla.eu\/fr\/wp-json\/wp\/v2\/product_tag?post=7856"}],"curies":[{"name":"wp","href":"https:\/\/api.w.org\/{rel}","templated":true}]}}