{"id":7868,"date":"2024-04-02T11:43:39","date_gmt":"2024-04-02T09:43:39","guid":{"rendered":"https:\/\/esla.crealogica.eu\/productos\/non class\u00e9\/a19000500-chaine-de-protection-de-sortie-avant-serie-10100-10105-10103-10200-10205\/"},"modified":"2024-04-02T11:43:39","modified_gmt":"2024-04-02T09:43:39","slug":"a19000500-chaine-de-protection-de-sortie-avant-serie-10100-10105-10103-10200-10205","status":"publish","type":"product","link":"https:\/\/www.esla.eu\/fr\/produits\/accessoires\/portes-sorties\/a19000500-chaine-de-protection-de-sortie-avant-serie-10100-10105-10103-10200-10205\/","title":{"rendered":"A19000500 &#8211; Cha\u00eene de protection de sortie avant &#8211; S\u00e9rie 10100 10105 10103 10200 10205"},"content":{"rendered":"<p>Cha\u00eene de protection de sortie avant.<\/p>\n<p>Lorsque la plateforme est utilis\u00e9e pour acc\u00e9der \u00e0 quelque part, il est n\u00e9cessaire de remplacer le garde-corps avant par un \u00e9l\u00e9ment qui signale le risque de chute. Les cha\u00eenes de protection sont un accessoire simple et efficace.<\/p>\n<p>S\u00e9ries 10100-10103-10105-10200-10205<\/p>\n","protected":false},"excerpt":{"rendered":"<p>Cha\u00eene de protection de sortie avant. Lorsque la plateforme est utilis\u00e9e pour acc\u00e9der \u00e0 quelque part, il est n\u00e9cessaire de remplacer le garde-corps avant par un \u00e9l\u00e9ment qui signale le risque de chute. Les cha\u00eenes de protection sont un accessoire simple et efficace. S\u00e9ries 10100-10103-10105-10200-10205<\/p>\n","protected":false},"featured_media":5503,"template":"","meta":{"inline_featured_image":false},"product_brand":[],"product_cat":[237],"product_tag":[],"class_list":{"0":"post-7868","1":"product","2":"type-product","3":"status-publish","4":"has-post-thumbnail","6":"product_cat-portes-sorties","8":"first","9":"instock","10":"shipping-taxable","11":"product-type-simple"},"_links":{"self":[{"href":"https:\/\/www.esla.eu\/fr\/wp-json\/wp\/v2\/product\/7868","targetHints":{"allow":["GET"]}}],"collection":[{"href":"https:\/\/www.esla.eu\/fr\/wp-json\/wp\/v2\/product"}],"about":[{"href":"https:\/\/www.esla.eu\/fr\/wp-json\/wp\/v2\/types\/product"}],"wp:featuredmedia":[{"embeddable":true,"href":"https:\/\/www.esla.eu\/fr\/wp-json\/wp\/v2\/media\/5503"}],"wp:attachment":[{"href":"https:\/\/www.esla.eu\/fr\/wp-json\/wp\/v2\/media?parent=7868"}],"wp:term":[{"taxonomy":"product_brand","embeddable":true,"href":"https:\/\/www.esla.eu\/fr\/wp-json\/wp\/v2\/product_brand?post=7868"},{"taxonomy":"product_cat","embeddable":true,"href":"https:\/\/www.esla.eu\/fr\/wp-json\/wp\/v2\/product_cat?post=7868"},{"taxonomy":"product_tag","embeddable":true,"href":"https:\/\/www.esla.eu\/fr\/wp-json\/wp\/v2\/product_tag?post=7868"}],"curies":[{"name":"wp","href":"https:\/\/api.w.org\/{rel}","templated":true}]}}