{"id":7976,"date":"2024-03-18T09:10:12","date_gmt":"2024-03-18T08:10:12","guid":{"rendered":"https:\/\/esla.crealogica.eu\/productos\/non%20class\u00e9\/8373-echafaudage-roulant-avec-stabilisateur-dimensions-de-la-plateforme-295-x-130-en-1004\/"},"modified":"2025-05-29T16:05:47","modified_gmt":"2025-05-29T14:05:47","slug":"8373-echafaudage-roulant-avec-stabilisateur-dimensions-de-la-plateforme-295-x-130-en-1004","status":"publish","type":"product","link":"https:\/\/www.esla.eu\/fr\/produits\/echafaudage-mobile\/8373-echafaudage-roulant-avec-stabilisateur-dimensions-de-la-plateforme-295-x-130-en-1004\/","title":{"rendered":"8373 &#8211; \u00c9chafaudage roulant avec stabilisateur. Dimensions de la plateforme: 2,95 x 1,30 EN 1004"},"content":{"rendered":"<p><strong>Caracter\u00edsticas a destacar<\/strong><\/p>\n<p>Dimensiones plataforma: 2,95 x 1,30 m<\/p>\n<p>Carga m\u00e1xima admisible: 150 kg\/m\u00b2<\/p>\n<p>Importante consultar las\u00a0<strong>instrucciones de montaje y la ficha del producto<\/strong>\u00a0(documentaci\u00f3n producto) por los complementos que ser\u00e1n necesarios seg\u00fan el uso interno, externo y otros.<\/p>\n","protected":false},"excerpt":{"rendered":"<p>Caracter\u00edsticas a destacar Dimensiones plataforma: 2,95 x 1,30 m Carga m\u00e1xima admisible: 150 kg\/m\u00b2 Importante consultar las\u00a0instrucciones de montaje y la ficha del producto\u00a0(documentaci\u00f3n producto) por los complementos que ser\u00e1n necesarios seg\u00fan el uso interno, externo y otros.<\/p>\n","protected":false},"featured_media":2880,"template":"","meta":{"inline_featured_image":false},"product_brand":[],"product_cat":[99],"product_tag":[],"class_list":{"0":"post-7976","1":"product","2":"type-product","3":"status-publish","4":"has-post-thumbnail","6":"product_cat-echafaudage-mobile","8":"first","9":"instock","10":"shipping-taxable","11":"product-type-simple"},"_links":{"self":[{"href":"https:\/\/www.esla.eu\/fr\/wp-json\/wp\/v2\/product\/7976","targetHints":{"allow":["GET"]}}],"collection":[{"href":"https:\/\/www.esla.eu\/fr\/wp-json\/wp\/v2\/product"}],"about":[{"href":"https:\/\/www.esla.eu\/fr\/wp-json\/wp\/v2\/types\/product"}],"wp:featuredmedia":[{"embeddable":true,"href":"https:\/\/www.esla.eu\/fr\/wp-json\/wp\/v2\/media\/2880"}],"wp:attachment":[{"href":"https:\/\/www.esla.eu\/fr\/wp-json\/wp\/v2\/media?parent=7976"}],"wp:term":[{"taxonomy":"product_brand","embeddable":true,"href":"https:\/\/www.esla.eu\/fr\/wp-json\/wp\/v2\/product_brand?post=7976"},{"taxonomy":"product_cat","embeddable":true,"href":"https:\/\/www.esla.eu\/fr\/wp-json\/wp\/v2\/product_cat?post=7976"},{"taxonomy":"product_tag","embeddable":true,"href":"https:\/\/www.esla.eu\/fr\/wp-json\/wp\/v2\/product_tag?post=7976"}],"curies":[{"name":"wp","href":"https:\/\/api.w.org\/{rel}","templated":true}]}}