{"id":7987,"date":"2024-03-18T09:12:29","date_gmt":"2024-03-18T08:12:29","guid":{"rendered":"https:\/\/esla.crealogica.eu\/productos\/non%20class\u00e9\/8073-echafaudage-roulant-avec-traverse-dimensions-de-la-plateforme-295-x-130-en-1004\/"},"modified":"2025-05-29T16:05:47","modified_gmt":"2025-05-29T14:05:47","slug":"8073-echafaudage-roulant-avec-traverse-dimensions-de-la-plateforme-295-x-130-en-1004","status":"publish","type":"product","link":"https:\/\/www.esla.eu\/fr\/produits\/echafaudage-mobile\/8073-echafaudage-roulant-avec-traverse-dimensions-de-la-plateforme-295-x-130-en-1004\/","title":{"rendered":"8073 &#8211; \u00c9chafaudage roulant avec traverse. Dimensions de la plateforme: 2,95 x 1,30 EN 1004"},"content":{"rendered":"<p>Caract\u00e9ristiques \u00e0 souligner<\/p>\n<p>Dimensions de la plateforme : 2,95 x 1,30 m<\/p>\n<p>Charge maximale admissible : 150 kg\/m\u00b2<\/p>\n<p>Il est important de consulter la notice de montage et la fiche produit (documentation produit) pour conna\u00eetre les accessoires qui seront n\u00e9cessaires selon l&#8217;usage interne, externe et autre.<\/p>\n","protected":false},"excerpt":{"rendered":"<p>Caract\u00e9ristiques \u00e0 souligner Dimensions de la plateforme : 2,95 x 1,30 m Charge maximale admissible : 150 kg\/m\u00b2 Il est important de consulter la notice de montage et la fiche produit (documentation produit) pour conna\u00eetre les accessoires qui seront n\u00e9cessaires selon l&#8217;usage interne, externe et autre.<\/p>\n","protected":false},"featured_media":2891,"template":"","meta":{"inline_featured_image":false},"product_brand":[],"product_cat":[99],"product_tag":[],"class_list":{"0":"post-7987","1":"product","2":"type-product","3":"status-publish","4":"has-post-thumbnail","6":"product_cat-echafaudage-mobile","8":"first","9":"instock","10":"shipping-taxable","11":"product-type-simple"},"_links":{"self":[{"href":"https:\/\/www.esla.eu\/fr\/wp-json\/wp\/v2\/product\/7987","targetHints":{"allow":["GET"]}}],"collection":[{"href":"https:\/\/www.esla.eu\/fr\/wp-json\/wp\/v2\/product"}],"about":[{"href":"https:\/\/www.esla.eu\/fr\/wp-json\/wp\/v2\/types\/product"}],"wp:featuredmedia":[{"embeddable":true,"href":"https:\/\/www.esla.eu\/fr\/wp-json\/wp\/v2\/media\/2891"}],"wp:attachment":[{"href":"https:\/\/www.esla.eu\/fr\/wp-json\/wp\/v2\/media?parent=7987"}],"wp:term":[{"taxonomy":"product_brand","embeddable":true,"href":"https:\/\/www.esla.eu\/fr\/wp-json\/wp\/v2\/product_brand?post=7987"},{"taxonomy":"product_cat","embeddable":true,"href":"https:\/\/www.esla.eu\/fr\/wp-json\/wp\/v2\/product_cat?post=7987"},{"taxonomy":"product_tag","embeddable":true,"href":"https:\/\/www.esla.eu\/fr\/wp-json\/wp\/v2\/product_tag?post=7987"}],"curies":[{"name":"wp","href":"https:\/\/api.w.org\/{rel}","templated":true}]}}