{"id":8024,"date":"2024-03-18T10:01:19","date_gmt":"2024-03-18T09:01:19","guid":{"rendered":"https:\/\/esla.crealogica.eu\/productos\/non%20class\u00e9\/2001362-plateforme-elevatrice-avec-echelle-extensible-avec-acces-vertical\/"},"modified":"2024-05-06T13:55:15","modified_gmt":"2024-05-06T11:55:15","slug":"2001362-plateforme-elevatrice-avec-echelle-extensible-avec-acces-vertical","status":"publish","type":"product","link":"https:\/\/www.esla.eu\/fr\/produits\/solutions-speciales\/plateformes-reglables-et-remorquables\/2001362-plateforme-elevatrice-avec-echelle-extensible-avec-acces-vertical\/","title":{"rendered":"2001362 &#8211; Plateforme \u00e9l\u00e9vatrice avec \u00e9chelle extensible avec acc\u00e8s vertical"},"content":{"rendered":"<p>Syst\u00e8me de levage \u00e0 cr\u00e9maill\u00e8re \u00e0 commande manuelle.<\/p>\n<p>Acc\u00e8s vertical avec \u00e9chelle extensible.<\/p>\n<p>Lattes avant extensibles pour couvrir tous les espaces.<\/p>\n","protected":false},"excerpt":{"rendered":"<p>Syst\u00e8me de levage \u00e0 cr\u00e9maill\u00e8re \u00e0 commande manuelle. Acc\u00e8s vertical avec \u00e9chelle extensible. Lattes avant extensibles pour couvrir tous les espaces.<\/p>\n","protected":false},"featured_media":2981,"template":"","meta":{"inline_featured_image":false},"product_brand":[],"product_cat":[110,114],"product_tag":[],"class_list":{"0":"post-8024","1":"product","2":"type-product","3":"status-publish","4":"has-post-thumbnail","6":"product_cat-plateformes-elevatrices","7":"product_cat-plateformes-reglables-et-remorquables","9":"first","10":"instock","11":"shipping-taxable","12":"product-type-simple"},"_links":{"self":[{"href":"https:\/\/www.esla.eu\/fr\/wp-json\/wp\/v2\/product\/8024","targetHints":{"allow":["GET"]}}],"collection":[{"href":"https:\/\/www.esla.eu\/fr\/wp-json\/wp\/v2\/product"}],"about":[{"href":"https:\/\/www.esla.eu\/fr\/wp-json\/wp\/v2\/types\/product"}],"wp:featuredmedia":[{"embeddable":true,"href":"https:\/\/www.esla.eu\/fr\/wp-json\/wp\/v2\/media\/2981"}],"wp:attachment":[{"href":"https:\/\/www.esla.eu\/fr\/wp-json\/wp\/v2\/media?parent=8024"}],"wp:term":[{"taxonomy":"product_brand","embeddable":true,"href":"https:\/\/www.esla.eu\/fr\/wp-json\/wp\/v2\/product_brand?post=8024"},{"taxonomy":"product_cat","embeddable":true,"href":"https:\/\/www.esla.eu\/fr\/wp-json\/wp\/v2\/product_cat?post=8024"},{"taxonomy":"product_tag","embeddable":true,"href":"https:\/\/www.esla.eu\/fr\/wp-json\/wp\/v2\/product_tag?post=8024"}],"curies":[{"name":"wp","href":"https:\/\/api.w.org\/{rel}","templated":true}]}}