{"id":8030,"date":"2024-03-18T10:04:27","date_gmt":"2024-03-18T09:04:27","guid":{"rendered":"https:\/\/esla.crealogica.eu\/productos\/non%20class\u00e9\/2001374-plateforme-elevatrice-avec-echelle-reglable-de-type-parallelogramme\/"},"modified":"2024-05-06T15:48:35","modified_gmt":"2024-05-06T13:48:35","slug":"2001374-plateforme-elevatrice-avec-echelle-reglable-de-type-parallelogramme","status":"publish","type":"product","link":"https:\/\/www.esla.eu\/fr\/produits\/solutions-speciales\/plateformes-reglables-et-remorquables\/2001374-plateforme-elevatrice-avec-echelle-reglable-de-type-parallelogramme\/","title":{"rendered":"2001374 &#8211; Plateforme \u00e9l\u00e9vatrice avec \u00e9chelle r\u00e9glable de type parall\u00e9logramme"},"content":{"rendered":"<p>Syst\u00e8me de levage \u00e0 cr\u00e9maill\u00e8re avec entra\u00eenement manuel.<\/p>\n<p>Acc\u00e8s \u00e0 une \u00e9chelle de lelogramme parall\u00e8le avec adaptation d&#8217;inclinaison r\u00e9glable.<\/p>\n<p>Lattes avant extensibles pour couvrir tous les espaces.<\/p>\n","protected":false},"excerpt":{"rendered":"<p>Syst\u00e8me de levage \u00e0 cr\u00e9maill\u00e8re avec entra\u00eenement manuel. Acc\u00e8s \u00e0 une \u00e9chelle de lelogramme parall\u00e8le avec adaptation d&#8217;inclinaison r\u00e9glable. Lattes avant extensibles pour couvrir tous les espaces.<\/p>\n","protected":false},"featured_media":3012,"template":"","meta":{"inline_featured_image":false},"product_brand":[],"product_cat":[110,114],"product_tag":[],"class_list":{"0":"post-8030","1":"product","2":"type-product","3":"status-publish","4":"has-post-thumbnail","6":"product_cat-plateformes-elevatrices","7":"product_cat-plateformes-reglables-et-remorquables","9":"first","10":"instock","11":"shipping-taxable","12":"product-type-simple"},"_links":{"self":[{"href":"https:\/\/www.esla.eu\/fr\/wp-json\/wp\/v2\/product\/8030","targetHints":{"allow":["GET"]}}],"collection":[{"href":"https:\/\/www.esla.eu\/fr\/wp-json\/wp\/v2\/product"}],"about":[{"href":"https:\/\/www.esla.eu\/fr\/wp-json\/wp\/v2\/types\/product"}],"wp:featuredmedia":[{"embeddable":true,"href":"https:\/\/www.esla.eu\/fr\/wp-json\/wp\/v2\/media\/3012"}],"wp:attachment":[{"href":"https:\/\/www.esla.eu\/fr\/wp-json\/wp\/v2\/media?parent=8030"}],"wp:term":[{"taxonomy":"product_brand","embeddable":true,"href":"https:\/\/www.esla.eu\/fr\/wp-json\/wp\/v2\/product_brand?post=8030"},{"taxonomy":"product_cat","embeddable":true,"href":"https:\/\/www.esla.eu\/fr\/wp-json\/wp\/v2\/product_cat?post=8030"},{"taxonomy":"product_tag","embeddable":true,"href":"https:\/\/www.esla.eu\/fr\/wp-json\/wp\/v2\/product_tag?post=8030"}],"curies":[{"name":"wp","href":"https:\/\/api.w.org\/{rel}","templated":true}]}}