{"id":8036,"date":"2024-03-18T10:09:03","date_gmt":"2024-03-18T09:09:03","guid":{"rendered":"https:\/\/esla.crealogica.eu\/productos\/non%20class\u00e9\/2000918-plateforme-elevatrice-avec-echelle-dacces-extensible-et-roues-speciales-pour-rails-de-roulement\/"},"modified":"2024-05-06T15:47:51","modified_gmt":"2024-05-06T13:47:51","slug":"2000918-plateforme-elevatrice-avec-echelle-dacces-extensible-et-roues-speciales-pour-rails-de-roulement","status":"publish","type":"product","link":"https:\/\/www.esla.eu\/fr\/produits\/solutions-speciales\/plateformes-reglables-et-remorquables\/2000918-plateforme-elevatrice-avec-echelle-dacces-extensible-et-roues-speciales-pour-rails-de-roulement\/","title":{"rendered":"2000918 &#8211; Plateforme \u00e9l\u00e9vatrice avec \u00e9chelle d&#8217;acc\u00e8s extensible et roues sp\u00e9ciales pour rails de roulement"},"content":{"rendered":"<p>Syst\u00e8me de levage \u00e0 cr\u00e9maill\u00e8re avec entra\u00eenement manuel.<\/p>\n<p>Acc\u00e8s vertical avec \u00e9chelle extensible.<\/p>\n<p>Tiges sp\u00e9ciales pour voyager sur route.<\/p>\n<p>Lattes avant extensibles pour couvrir tous les espaces.<\/p>\n","protected":false},"excerpt":{"rendered":"<p>Syst\u00e8me de levage \u00e0 cr\u00e9maill\u00e8re avec entra\u00eenement manuel. Acc\u00e8s vertical avec \u00e9chelle extensible. Tiges sp\u00e9ciales pour voyager sur route. Lattes avant extensibles pour couvrir tous les espaces.<\/p>\n","protected":false},"featured_media":3048,"template":"","meta":{"inline_featured_image":false},"product_brand":[],"product_cat":[110,114],"product_tag":[],"class_list":{"0":"post-8036","1":"product","2":"type-product","3":"status-publish","4":"has-post-thumbnail","6":"product_cat-plateformes-elevatrices","7":"product_cat-plateformes-reglables-et-remorquables","9":"first","10":"instock","11":"shipping-taxable","12":"product-type-simple"},"_links":{"self":[{"href":"https:\/\/www.esla.eu\/fr\/wp-json\/wp\/v2\/product\/8036","targetHints":{"allow":["GET"]}}],"collection":[{"href":"https:\/\/www.esla.eu\/fr\/wp-json\/wp\/v2\/product"}],"about":[{"href":"https:\/\/www.esla.eu\/fr\/wp-json\/wp\/v2\/types\/product"}],"wp:featuredmedia":[{"embeddable":true,"href":"https:\/\/www.esla.eu\/fr\/wp-json\/wp\/v2\/media\/3048"}],"wp:attachment":[{"href":"https:\/\/www.esla.eu\/fr\/wp-json\/wp\/v2\/media?parent=8036"}],"wp:term":[{"taxonomy":"product_brand","embeddable":true,"href":"https:\/\/www.esla.eu\/fr\/wp-json\/wp\/v2\/product_brand?post=8036"},{"taxonomy":"product_cat","embeddable":true,"href":"https:\/\/www.esla.eu\/fr\/wp-json\/wp\/v2\/product_cat?post=8036"},{"taxonomy":"product_tag","embeddable":true,"href":"https:\/\/www.esla.eu\/fr\/wp-json\/wp\/v2\/product_tag?post=8036"}],"curies":[{"name":"wp","href":"https:\/\/api.w.org\/{rel}","templated":true}]}}