{"id":8042,"date":"2024-03-18T12:32:41","date_gmt":"2024-03-18T11:32:41","guid":{"rendered":"https:\/\/esla.crealogica.eu\/productos\/non%20class\u00e9\/2010611-plateforme-remorquable-a-double-levee-equipee-daccessoires-pour-lalimentation-en-carburant\/"},"modified":"2024-05-06T15:47:06","modified_gmt":"2024-05-06T13:47:06","slug":"2010611-plateforme-remorquable-a-double-levee-equipee-daccessoires-pour-lalimentation-en-carburant","status":"publish","type":"product","link":"https:\/\/www.esla.eu\/fr\/produits\/solutions-speciales\/plateformes-reglables-et-remorquables\/2010611-plateforme-remorquable-a-double-levee-equipee-daccessoires-pour-lalimentation-en-carburant\/","title":{"rendered":"2010611 &#8211; Plateforme remorquable \u00e0 double lev\u00e9e \u00e9quip\u00e9e d&#8217;accessoires pour l&#8217;alimentation en carburant"},"content":{"rendered":"<p>Cette plateforme comprend un ch\u00e2ssis galvanis\u00e9, un pied en caoutchouc, une roue \u00e0 pneu, une roue tournante, un capuchon, une valve de carter, une poign\u00e9e flexible, un d\u00e9-d\u00e9codeur de c\u00e2ble de masse, une roue pneumatique, un canon rigide en inox.<\/p>\n","protected":false},"excerpt":{"rendered":"<p>Cette plateforme comprend un ch\u00e2ssis galvanis\u00e9, un pied en caoutchouc, une roue \u00e0 pneu, une roue tournante, un capuchon, une valve de carter, une poign\u00e9e flexible, un d\u00e9-d\u00e9codeur de c\u00e2ble de masse, une roue pneumatique, un canon rigide en inox.<\/p>\n","protected":false},"featured_media":4078,"template":"","meta":{"inline_featured_image":false},"product_brand":[],"product_cat":[114],"product_tag":[],"class_list":{"0":"post-8042","1":"product","2":"type-product","3":"status-publish","4":"has-post-thumbnail","6":"product_cat-plateformes-reglables-et-remorquables","8":"first","9":"instock","10":"shipping-taxable","11":"product-type-simple"},"_links":{"self":[{"href":"https:\/\/www.esla.eu\/fr\/wp-json\/wp\/v2\/product\/8042","targetHints":{"allow":["GET"]}}],"collection":[{"href":"https:\/\/www.esla.eu\/fr\/wp-json\/wp\/v2\/product"}],"about":[{"href":"https:\/\/www.esla.eu\/fr\/wp-json\/wp\/v2\/types\/product"}],"wp:featuredmedia":[{"embeddable":true,"href":"https:\/\/www.esla.eu\/fr\/wp-json\/wp\/v2\/media\/4078"}],"wp:attachment":[{"href":"https:\/\/www.esla.eu\/fr\/wp-json\/wp\/v2\/media?parent=8042"}],"wp:term":[{"taxonomy":"product_brand","embeddable":true,"href":"https:\/\/www.esla.eu\/fr\/wp-json\/wp\/v2\/product_brand?post=8042"},{"taxonomy":"product_cat","embeddable":true,"href":"https:\/\/www.esla.eu\/fr\/wp-json\/wp\/v2\/product_cat?post=8042"},{"taxonomy":"product_tag","embeddable":true,"href":"https:\/\/www.esla.eu\/fr\/wp-json\/wp\/v2\/product_tag?post=8042"}],"curies":[{"name":"wp","href":"https:\/\/api.w.org\/{rel}","templated":true}]}}