{"id":8055,"date":"2024-03-18T10:11:54","date_gmt":"2024-03-18T09:11:54","guid":{"rendered":"https:\/\/esla.crealogica.eu\/productos\/non%20class\u00e9\/2001446-escalier-avec-plate-forme-elevatrice\/"},"modified":"2024-05-06T15:52:11","modified_gmt":"2024-05-06T13:52:11","slug":"2001446-escalier-avec-plate-forme-elevatrice","status":"publish","type":"product","link":"https:\/\/www.esla.eu\/fr\/produits\/solutions-speciales\/plateformes-reglables-et-remorquables\/2001446-escalier-avec-plate-forme-elevatrice\/","title":{"rendered":"2001446 &#8211; Escalier avec plate-forme \u00e9l\u00e9vatrice"},"content":{"rendered":"<p>Plateforme \u00e9l\u00e9vatrice en aluminium pour la maintenance ferroviaire<\/p>\n<p>&#8211; Syst\u00e8me de levage manuel \u00e0 l&#8217;aide d&#8217;une cr\u00e9maill\u00e8re et de manivelles<\/p>\n<p>&#8211; Equip\u00e9 de 4 roues triples<\/p>\n<p>&#8211; La plateforme est compos\u00e9e de 3 parties<\/p>\n<p>1) \u00c9chelle d&#8217;acc\u00e8s fixe avec inclinaison de 60\u00b0<\/p>\n<p>2) Partie relevable des marches, qui se plie et corrige l&#8217;inclinaison lors de l&#8217;\u00e9l\u00e9vation.<\/p>\n<p>3) Plateforme qui monte et descend. Celui-ci est \u00e9galement extensible et dispose d&#8217;une main courante avant rabattable pour faciliter les travaux d&#8217;entretien.<\/p>\n","protected":false},"excerpt":{"rendered":"<p>Plateforme \u00e9l\u00e9vatrice en aluminium pour la maintenance ferroviaire &#8211; Syst\u00e8me de levage manuel \u00e0 l&#8217;aide d&#8217;une cr\u00e9maill\u00e8re et de manivelles &#8211; Equip\u00e9 de 4 roues triples &#8211; La plateforme est compos\u00e9e de 3 parties 1) \u00c9chelle d&#8217;acc\u00e8s fixe avec inclinaison de 60\u00b0 2) Partie relevable des marches, qui se plie et corrige l&#8217;inclinaison lors de [&hellip;]<\/p>\n","protected":false},"featured_media":3074,"template":"","meta":{"inline_featured_image":false},"product_brand":[],"product_cat":[110,114],"product_tag":[],"class_list":{"0":"post-8055","1":"product","2":"type-product","3":"status-publish","4":"has-post-thumbnail","6":"product_cat-plateformes-elevatrices","7":"product_cat-plateformes-reglables-et-remorquables","9":"first","10":"instock","11":"shipping-taxable","12":"product-type-simple"},"_links":{"self":[{"href":"https:\/\/www.esla.eu\/fr\/wp-json\/wp\/v2\/product\/8055","targetHints":{"allow":["GET"]}}],"collection":[{"href":"https:\/\/www.esla.eu\/fr\/wp-json\/wp\/v2\/product"}],"about":[{"href":"https:\/\/www.esla.eu\/fr\/wp-json\/wp\/v2\/types\/product"}],"wp:featuredmedia":[{"embeddable":true,"href":"https:\/\/www.esla.eu\/fr\/wp-json\/wp\/v2\/media\/3074"}],"wp:attachment":[{"href":"https:\/\/www.esla.eu\/fr\/wp-json\/wp\/v2\/media?parent=8055"}],"wp:term":[{"taxonomy":"product_brand","embeddable":true,"href":"https:\/\/www.esla.eu\/fr\/wp-json\/wp\/v2\/product_brand?post=8055"},{"taxonomy":"product_cat","embeddable":true,"href":"https:\/\/www.esla.eu\/fr\/wp-json\/wp\/v2\/product_cat?post=8055"},{"taxonomy":"product_tag","embeddable":true,"href":"https:\/\/www.esla.eu\/fr\/wp-json\/wp\/v2\/product_tag?post=8055"}],"curies":[{"name":"wp","href":"https:\/\/api.w.org\/{rel}","templated":true}]}}