{"id":8061,"date":"2024-03-18T10:16:51","date_gmt":"2024-03-18T09:16:51","guid":{"rendered":"https:\/\/esla.crealogica.eu\/productos\/non%20class\u00e9\/2000989-2001165-plateforme-dacces-laterale-surelevee\/"},"modified":"2024-05-06T15:54:29","modified_gmt":"2024-05-06T13:54:29","slug":"2000989-2001165-plateforme-dacces-laterale-surelevee","status":"publish","type":"product","link":"https:\/\/www.esla.eu\/fr\/produits\/solutions-speciales\/plateformes-reglables-et-remorquables\/2000989-2001165-plateforme-dacces-laterale-surelevee\/","title":{"rendered":"2000989-2001165 &#8211; Plateforme d&#8217;acc\u00e8s lat\u00e9rale sur\u00e9lev\u00e9e"},"content":{"rendered":"<p>Plateforme \u00e9l\u00e9vatrice en aluminium<\/p>\n<p>&#8211; Syst\u00e8me de levage de cr\u00e9maill\u00e8res \u00e0 commande manuelle<\/p>\n<p>&#8211; Acc\u00e8s avec \u00e9chelle parall\u00e9logramme avec adaptation d&#8217;inclinaison r\u00e9glable<\/p>\n<p>&#8211; Surplomb lat\u00e9ral pour acc\u00e9der au toit du train<\/p>\n<p>&#8211; Possibilit\u00e9 d&#8217;ajouter des garde-corps pour prot\u00e9ger l&#8217;espace de travail sur le toit<\/p>\n","protected":false},"excerpt":{"rendered":"<p>Plateforme \u00e9l\u00e9vatrice en aluminium &#8211; Syst\u00e8me de levage de cr\u00e9maill\u00e8res \u00e0 commande manuelle &#8211; Acc\u00e8s avec \u00e9chelle parall\u00e9logramme avec adaptation d&#8217;inclinaison r\u00e9glable &#8211; Surplomb lat\u00e9ral pour acc\u00e9der au toit du train &#8211; Possibilit\u00e9 d&#8217;ajouter des garde-corps pour prot\u00e9ger l&#8217;espace de travail sur le toit<\/p>\n","protected":false},"featured_media":3095,"template":"","meta":{"inline_featured_image":false},"product_brand":[],"product_cat":[110,114],"product_tag":[],"class_list":{"0":"post-8061","1":"product","2":"type-product","3":"status-publish","4":"has-post-thumbnail","6":"product_cat-plateformes-elevatrices","7":"product_cat-plateformes-reglables-et-remorquables","9":"first","10":"instock","11":"shipping-taxable","12":"product-type-simple"},"_links":{"self":[{"href":"https:\/\/www.esla.eu\/fr\/wp-json\/wp\/v2\/product\/8061","targetHints":{"allow":["GET"]}}],"collection":[{"href":"https:\/\/www.esla.eu\/fr\/wp-json\/wp\/v2\/product"}],"about":[{"href":"https:\/\/www.esla.eu\/fr\/wp-json\/wp\/v2\/types\/product"}],"wp:featuredmedia":[{"embeddable":true,"href":"https:\/\/www.esla.eu\/fr\/wp-json\/wp\/v2\/media\/3095"}],"wp:attachment":[{"href":"https:\/\/www.esla.eu\/fr\/wp-json\/wp\/v2\/media?parent=8061"}],"wp:term":[{"taxonomy":"product_brand","embeddable":true,"href":"https:\/\/www.esla.eu\/fr\/wp-json\/wp\/v2\/product_brand?post=8061"},{"taxonomy":"product_cat","embeddable":true,"href":"https:\/\/www.esla.eu\/fr\/wp-json\/wp\/v2\/product_cat?post=8061"},{"taxonomy":"product_tag","embeddable":true,"href":"https:\/\/www.esla.eu\/fr\/wp-json\/wp\/v2\/product_tag?post=8061"}],"curies":[{"name":"wp","href":"https:\/\/api.w.org\/{rel}","templated":true}]}}