{"id":8067,"date":"2024-03-18T10:18:50","date_gmt":"2024-03-18T09:18:50","guid":{"rendered":"https:\/\/esla.crealogica.eu\/productos\/non%20class\u00e9\/2001525-plateforme-mobile-relevable-avec-acces-par-echelle-verticale\/"},"modified":"2024-05-06T15:57:30","modified_gmt":"2024-05-06T13:57:30","slug":"2001525-plateforme-mobile-relevable-avec-acces-par-echelle-verticale","status":"publish","type":"product","link":"https:\/\/www.esla.eu\/fr\/produits\/solutions-speciales\/plateformes-reglables-et-remorquables\/2001525-plateforme-mobile-relevable-avec-acces-par-echelle-verticale\/","title":{"rendered":"2001525 &#8211; Plateforme mobile relevable avec acc\u00e8s par \u00e9chelle verticale"},"content":{"rendered":"<p>Plateforme mobile relevable en aluminium pour l&#8217;entretien des cabines de camions<\/p>\n<p>&#8211; Acc\u00e8s avec \u00e9chelle verticale<\/p>\n<p>&#8211; Syst\u00e8me de levage manuel de la fermeture \u00e9clair<\/p>\n<p>&#8211; Trappe de passage<\/p>\n","protected":false},"excerpt":{"rendered":"<p>Plateforme mobile relevable en aluminium pour l&#8217;entretien des cabines de camions &#8211; Acc\u00e8s avec \u00e9chelle verticale &#8211; Syst\u00e8me de levage manuel de la fermeture \u00e9clair &#8211; Trappe de passage<\/p>\n","protected":false},"featured_media":3111,"template":"","meta":{"inline_featured_image":false},"product_brand":[],"product_cat":[110,114],"product_tag":[],"class_list":{"0":"post-8067","1":"product","2":"type-product","3":"status-publish","4":"has-post-thumbnail","6":"product_cat-plateformes-elevatrices","7":"product_cat-plateformes-reglables-et-remorquables","9":"first","10":"instock","11":"shipping-taxable","12":"product-type-simple"},"_links":{"self":[{"href":"https:\/\/www.esla.eu\/fr\/wp-json\/wp\/v2\/product\/8067","targetHints":{"allow":["GET"]}}],"collection":[{"href":"https:\/\/www.esla.eu\/fr\/wp-json\/wp\/v2\/product"}],"about":[{"href":"https:\/\/www.esla.eu\/fr\/wp-json\/wp\/v2\/types\/product"}],"wp:featuredmedia":[{"embeddable":true,"href":"https:\/\/www.esla.eu\/fr\/wp-json\/wp\/v2\/media\/3111"}],"wp:attachment":[{"href":"https:\/\/www.esla.eu\/fr\/wp-json\/wp\/v2\/media?parent=8067"}],"wp:term":[{"taxonomy":"product_brand","embeddable":true,"href":"https:\/\/www.esla.eu\/fr\/wp-json\/wp\/v2\/product_brand?post=8067"},{"taxonomy":"product_cat","embeddable":true,"href":"https:\/\/www.esla.eu\/fr\/wp-json\/wp\/v2\/product_cat?post=8067"},{"taxonomy":"product_tag","embeddable":true,"href":"https:\/\/www.esla.eu\/fr\/wp-json\/wp\/v2\/product_tag?post=8067"}],"curies":[{"name":"wp","href":"https:\/\/api.w.org\/{rel}","templated":true}]}}