{"id":8073,"date":"2024-03-18T10:21:27","date_gmt":"2024-03-18T09:21:27","guid":{"rendered":"https:\/\/esla.crealogica.eu\/productos\/non%20class\u00e9\/2001479-plateforme-mobile-relevable-avec-roues-speciales-pour-rails-via\/"},"modified":"2024-05-06T16:00:38","modified_gmt":"2024-05-06T14:00:38","slug":"2001479-plateforme-mobile-relevable-avec-roues-speciales-pour-rails-via","status":"publish","type":"product","link":"https:\/\/www.esla.eu\/fr\/produits\/solutions-speciales\/plateformes-reglables-et-remorquables\/2001479-plateforme-mobile-relevable-avec-roues-speciales-pour-rails-via\/","title":{"rendered":"2001479 &#8211; Plateforme mobile relevable avec roues sp\u00e9ciales pour rails via"},"content":{"rendered":"<p>Plateforme \u00e9l\u00e9vatrice mobile en aluminium pour la maintenance ferroviaire<\/p>\n<p>&#8211; Syst\u00e8me de levage manuel avec v\u00e9rin hydraulique<\/p>\n<p>&#8211; Roues sp\u00e9ciales pour rail<\/p>\n<p>&#8211; Lattes avant extensibles<\/p>\n<p>&#8211; Pieds r\u00e9glables pour fosse<\/p>\n","protected":false},"excerpt":{"rendered":"<p>Plateforme \u00e9l\u00e9vatrice mobile en aluminium pour la maintenance ferroviaire &#8211; Syst\u00e8me de levage manuel avec v\u00e9rin hydraulique &#8211; Roues sp\u00e9ciales pour rail &#8211; Lattes avant extensibles &#8211; Pieds r\u00e9glables pour fosse<\/p>\n","protected":false},"featured_media":3132,"template":"","meta":{"inline_featured_image":false},"product_brand":[],"product_cat":[110,114],"product_tag":[],"class_list":{"0":"post-8073","1":"product","2":"type-product","3":"status-publish","4":"has-post-thumbnail","6":"product_cat-plateformes-elevatrices","7":"product_cat-plateformes-reglables-et-remorquables","9":"first","10":"instock","11":"shipping-taxable","12":"product-type-simple"},"_links":{"self":[{"href":"https:\/\/www.esla.eu\/fr\/wp-json\/wp\/v2\/product\/8073","targetHints":{"allow":["GET"]}}],"collection":[{"href":"https:\/\/www.esla.eu\/fr\/wp-json\/wp\/v2\/product"}],"about":[{"href":"https:\/\/www.esla.eu\/fr\/wp-json\/wp\/v2\/types\/product"}],"wp:featuredmedia":[{"embeddable":true,"href":"https:\/\/www.esla.eu\/fr\/wp-json\/wp\/v2\/media\/3132"}],"wp:attachment":[{"href":"https:\/\/www.esla.eu\/fr\/wp-json\/wp\/v2\/media?parent=8073"}],"wp:term":[{"taxonomy":"product_brand","embeddable":true,"href":"https:\/\/www.esla.eu\/fr\/wp-json\/wp\/v2\/product_brand?post=8073"},{"taxonomy":"product_cat","embeddable":true,"href":"https:\/\/www.esla.eu\/fr\/wp-json\/wp\/v2\/product_cat?post=8073"},{"taxonomy":"product_tag","embeddable":true,"href":"https:\/\/www.esla.eu\/fr\/wp-json\/wp\/v2\/product_tag?post=8073"}],"curies":[{"name":"wp","href":"https:\/\/api.w.org\/{rel}","templated":true}]}}