{"id":8079,"date":"2024-03-18T10:23:44","date_gmt":"2024-03-18T09:23:44","guid":{"rendered":"https:\/\/esla.crealogica.eu\/productos\/non%20class\u00e9\/2001503-04-05-ensemble-de-plateforme-mobile-elevatrice-et-reglable-pour-lentretien-des-entrepots\/"},"modified":"2024-05-06T16:03:36","modified_gmt":"2024-05-06T14:03:36","slug":"2001503-04-05-ensemble-de-plateforme-mobile-elevatrice-et-reglable-pour-lentretien-des-entrepots","status":"publish","type":"product","link":"https:\/\/www.esla.eu\/fr\/produits\/solutions-speciales\/plateformes-reglables-et-remorquables\/2001503-04-05-ensemble-de-plateforme-mobile-elevatrice-et-reglable-pour-lentretien-des-entrepots\/","title":{"rendered":"2001503-04-05 &#8211; Ensemble de plateforme mobile \u00e9l\u00e9vatrice et r\u00e9glable pour l&#8217;entretien des entrep\u00f4ts"},"content":{"rendered":"<p>-Levage manuel avec syst\u00e8me de fermeture \u00e9clair<\/p>\n<p>-\u00c9chelle d&#8217;acc\u00e8s \u00e0 parall\u00e9logramme qui modifie l&#8217;inclinaison pour s&#8217;adapter \u00e0 la r\u00e9glementation<\/p>\n<p>-L&#8217;ensemble comprend 4 pi\u00e8ces\u00a0:<\/p>\n<p>-2 relevables dont 1 avec acc\u00e8s<\/p>\n<p>-2 passerelles<\/p>\n","protected":false},"excerpt":{"rendered":"<p>-Levage manuel avec syst\u00e8me de fermeture \u00e9clair -\u00c9chelle d&#8217;acc\u00e8s \u00e0 parall\u00e9logramme qui modifie l&#8217;inclinaison pour s&#8217;adapter \u00e0 la r\u00e9glementation -L&#8217;ensemble comprend 4 pi\u00e8ces\u00a0: -2 relevables dont 1 avec acc\u00e8s -2 passerelles<\/p>\n","protected":false},"featured_media":3148,"template":"","meta":{"inline_featured_image":false},"product_brand":[],"product_cat":[110,114],"product_tag":[],"class_list":{"0":"post-8079","1":"product","2":"type-product","3":"status-publish","4":"has-post-thumbnail","6":"product_cat-plateformes-elevatrices","7":"product_cat-plateformes-reglables-et-remorquables","9":"first","10":"instock","11":"shipping-taxable","12":"product-type-simple"},"_links":{"self":[{"href":"https:\/\/www.esla.eu\/fr\/wp-json\/wp\/v2\/product\/8079","targetHints":{"allow":["GET"]}}],"collection":[{"href":"https:\/\/www.esla.eu\/fr\/wp-json\/wp\/v2\/product"}],"about":[{"href":"https:\/\/www.esla.eu\/fr\/wp-json\/wp\/v2\/types\/product"}],"wp:featuredmedia":[{"embeddable":true,"href":"https:\/\/www.esla.eu\/fr\/wp-json\/wp\/v2\/media\/3148"}],"wp:attachment":[{"href":"https:\/\/www.esla.eu\/fr\/wp-json\/wp\/v2\/media?parent=8079"}],"wp:term":[{"taxonomy":"product_brand","embeddable":true,"href":"https:\/\/www.esla.eu\/fr\/wp-json\/wp\/v2\/product_brand?post=8079"},{"taxonomy":"product_cat","embeddable":true,"href":"https:\/\/www.esla.eu\/fr\/wp-json\/wp\/v2\/product_cat?post=8079"},{"taxonomy":"product_tag","embeddable":true,"href":"https:\/\/www.esla.eu\/fr\/wp-json\/wp\/v2\/product_tag?post=8079"}],"curies":[{"name":"wp","href":"https:\/\/api.w.org\/{rel}","templated":true}]}}