{"id":8085,"date":"2024-03-18T10:26:13","date_gmt":"2024-03-18T09:26:13","guid":{"rendered":"https:\/\/esla.crealogica.eu\/productos\/non%20class\u00e9\/2001558-plateforme-portique-elevatrice-en-aluminium-pour-maintenance-ferroviaire\/"},"modified":"2024-05-06T16:06:08","modified_gmt":"2024-05-06T14:06:08","slug":"2001558-plateforme-portique-elevatrice-en-aluminium-pour-maintenance-ferroviaire","status":"publish","type":"product","link":"https:\/\/www.esla.eu\/fr\/produits\/solutions-speciales\/plateformes-reglables-et-remorquables\/2001558-plateforme-portique-elevatrice-en-aluminium-pour-maintenance-ferroviaire\/","title":{"rendered":"2001558 &#8211; Plateforme portique \u00e9l\u00e9vatrice en aluminium pour maintenance ferroviaire"},"content":{"rendered":"<p>-L\u00e8ve cr\u00e9maill\u00e8re manuelle 3600 \u00e0 4600<\/p>\n<p>-Acc\u00e8s avec \u00e9chelle verticale<\/p>\n<p>-Triple roue avec niveleur<\/p>\n<p>-Ensemble de main courante r\u00e9glable et mobile pour prot\u00e9ger la zone de travail<\/p>\n","protected":false},"excerpt":{"rendered":"<p>-L\u00e8ve cr\u00e9maill\u00e8re manuelle 3600 \u00e0 4600 -Acc\u00e8s avec \u00e9chelle verticale -Triple roue avec niveleur -Ensemble de main courante r\u00e9glable et mobile pour prot\u00e9ger la zone de travail<\/p>\n","protected":false},"featured_media":3169,"template":"","meta":{"inline_featured_image":false},"product_brand":[],"product_cat":[110,114],"product_tag":[],"class_list":{"0":"post-8085","1":"product","2":"type-product","3":"status-publish","4":"has-post-thumbnail","6":"product_cat-plateformes-elevatrices","7":"product_cat-plateformes-reglables-et-remorquables","9":"first","10":"instock","11":"shipping-taxable","12":"product-type-simple"},"_links":{"self":[{"href":"https:\/\/www.esla.eu\/fr\/wp-json\/wp\/v2\/product\/8085","targetHints":{"allow":["GET"]}}],"collection":[{"href":"https:\/\/www.esla.eu\/fr\/wp-json\/wp\/v2\/product"}],"about":[{"href":"https:\/\/www.esla.eu\/fr\/wp-json\/wp\/v2\/types\/product"}],"wp:featuredmedia":[{"embeddable":true,"href":"https:\/\/www.esla.eu\/fr\/wp-json\/wp\/v2\/media\/3169"}],"wp:attachment":[{"href":"https:\/\/www.esla.eu\/fr\/wp-json\/wp\/v2\/media?parent=8085"}],"wp:term":[{"taxonomy":"product_brand","embeddable":true,"href":"https:\/\/www.esla.eu\/fr\/wp-json\/wp\/v2\/product_brand?post=8085"},{"taxonomy":"product_cat","embeddable":true,"href":"https:\/\/www.esla.eu\/fr\/wp-json\/wp\/v2\/product_cat?post=8085"},{"taxonomy":"product_tag","embeddable":true,"href":"https:\/\/www.esla.eu\/fr\/wp-json\/wp\/v2\/product_tag?post=8085"}],"curies":[{"name":"wp","href":"https:\/\/api.w.org\/{rel}","templated":true}]}}