{"id":8091,"date":"2024-03-18T10:28:15","date_gmt":"2024-03-18T09:28:15","guid":{"rendered":"https:\/\/esla.crealogica.eu\/productos\/non%20class\u00e9\/2001559-plateforme-acces-toiture-de-bus\/"},"modified":"2024-05-06T16:08:54","modified_gmt":"2024-05-06T14:08:54","slug":"2001559-plateforme-acces-toiture-de-bus","status":"publish","type":"product","link":"https:\/\/www.esla.eu\/fr\/produits\/solutions-speciales\/plateformes-reglables-et-remorquables\/2001559-plateforme-acces-toiture-de-bus\/","title":{"rendered":"2001559 &#8211; Plateforme acces toiture de bus"},"content":{"rendered":"<p>Acc\u00e8s s\u00e9curis\u00e9 au toit des bus<\/p>\n<p>-Plateforme mobile r\u00e9glable en hauteur pour acc\u00e9der au toit des bus en toute s\u00e9curit\u00e9<\/p>\n<p>-Le r\u00e9glage en hauteur de 2700 \u00e0 3700 mm permet de travailler sur diff\u00e9rents types de bus<\/p>\n<p>-4 roues de 200 mm avec freins qui permettent de d\u00e9placer la plateforme<\/p>\n<p>-\u00c9quip\u00e9 de pieds niveleurs assurant une grande stabilit\u00e9 en position de travail<\/p>\n<p>-Ensemble de garde-corps sup\u00e9rieur articul\u00e9 et rabattable qui permet aux travailleurs de travailler sur le toit en toute s\u00e9curit\u00e9<\/p>\n<p>-\u00c9chelle d&#8217;acc\u00e8s \u00e0 parall\u00e9logramme qui fait varier son angle d&#8217;inclinaison en r\u00e9gulation<\/p>\n<p>-Charge admissible 3 personnes + mat\u00e9riels<\/p>\n<p>-Le r\u00e9glage s&#8217;effectue au moyen d&#8217;une fermeture \u00e9clair qu&#8217;une seule personne peut activer<\/p>\n<p>-Cadre inf\u00e9rieur en acier peint pour donner une meilleure stabilit\u00e9 et rigidit\u00e9<\/p>\n<p>-Structure en aluminium<\/p>\n<p>-Plateforme de 5000 mm avec t\u00f4le d\u00e9chir\u00e9e<\/p>\n<p>-Protection en caoutchouc sur toute la longueur en contact avec le bus<\/p>\n<p>-Hauteur des garde-corps 1100 mm + plinthes<\/p>\n","protected":false},"excerpt":{"rendered":"<p>Acc\u00e8s s\u00e9curis\u00e9 au toit des bus -Plateforme mobile r\u00e9glable en hauteur pour acc\u00e9der au toit des bus en toute s\u00e9curit\u00e9 -Le r\u00e9glage en hauteur de 2700 \u00e0 3700 mm permet de travailler sur diff\u00e9rents types de bus -4 roues de 200 mm avec freins qui permettent de d\u00e9placer la plateforme -\u00c9quip\u00e9 de pieds niveleurs assurant [&hellip;]<\/p>\n","protected":false},"featured_media":12101,"template":"","meta":{"inline_featured_image":false},"product_brand":[],"product_cat":[110,114],"product_tag":[],"class_list":{"0":"post-8091","1":"product","2":"type-product","3":"status-publish","4":"has-post-thumbnail","6":"product_cat-plateformes-elevatrices","7":"product_cat-plateformes-reglables-et-remorquables","9":"first","10":"instock","11":"shipping-taxable","12":"product-type-simple"},"_links":{"self":[{"href":"https:\/\/www.esla.eu\/fr\/wp-json\/wp\/v2\/product\/8091","targetHints":{"allow":["GET"]}}],"collection":[{"href":"https:\/\/www.esla.eu\/fr\/wp-json\/wp\/v2\/product"}],"about":[{"href":"https:\/\/www.esla.eu\/fr\/wp-json\/wp\/v2\/types\/product"}],"wp:featuredmedia":[{"embeddable":true,"href":"https:\/\/www.esla.eu\/fr\/wp-json\/wp\/v2\/media\/12101"}],"wp:attachment":[{"href":"https:\/\/www.esla.eu\/fr\/wp-json\/wp\/v2\/media?parent=8091"}],"wp:term":[{"taxonomy":"product_brand","embeddable":true,"href":"https:\/\/www.esla.eu\/fr\/wp-json\/wp\/v2\/product_brand?post=8091"},{"taxonomy":"product_cat","embeddable":true,"href":"https:\/\/www.esla.eu\/fr\/wp-json\/wp\/v2\/product_cat?post=8091"},{"taxonomy":"product_tag","embeddable":true,"href":"https:\/\/www.esla.eu\/fr\/wp-json\/wp\/v2\/product_tag?post=8091"}],"curies":[{"name":"wp","href":"https:\/\/api.w.org\/{rel}","templated":true}]}}