{"id":8103,"date":"2024-03-18T10:32:17","date_gmt":"2024-03-18T09:32:17","guid":{"rendered":"https:\/\/esla.crealogica.eu\/productos\/non%20class\u00e9\/2001532-plateforme-mobile-et-elevatrice-en-aluminium\/"},"modified":"2024-05-06T16:15:16","modified_gmt":"2024-05-06T14:15:16","slug":"2001532-plateforme-mobile-et-elevatrice-en-aluminium","status":"publish","type":"product","link":"https:\/\/www.esla.eu\/fr\/produits\/solutions-speciales\/plateformes-reglables-et-remorquables\/2001532-plateforme-mobile-et-elevatrice-en-aluminium\/","title":{"rendered":"2001532 &#8211; Plateforme mobile et \u00e9l\u00e9vatrice en aluminium"},"content":{"rendered":"<p>-Levage manuel avec syst\u00e8me \u00e0 cr\u00e9maill\u00e8re<\/p>\n<p>-Acc\u00e8s lat\u00e9ral avec \u00e9chelle verticale<\/p>\n<p>-La plateforme poss\u00e8de un surplomb pour pouvoir se rapprocher du module<\/p>\n","protected":false},"excerpt":{"rendered":"<p>-Levage manuel avec syst\u00e8me \u00e0 cr\u00e9maill\u00e8re -Acc\u00e8s lat\u00e9ral avec \u00e9chelle verticale -La plateforme poss\u00e8de un surplomb pour pouvoir se rapprocher du module<\/p>\n","protected":false},"featured_media":3227,"template":"","meta":{"inline_featured_image":false},"product_brand":[],"product_cat":[110,114],"product_tag":[],"class_list":{"0":"post-8103","1":"product","2":"type-product","3":"status-publish","4":"has-post-thumbnail","6":"product_cat-plateformes-elevatrices","7":"product_cat-plateformes-reglables-et-remorquables","9":"first","10":"instock","11":"shipping-taxable","12":"product-type-simple"},"_links":{"self":[{"href":"https:\/\/www.esla.eu\/fr\/wp-json\/wp\/v2\/product\/8103","targetHints":{"allow":["GET"]}}],"collection":[{"href":"https:\/\/www.esla.eu\/fr\/wp-json\/wp\/v2\/product"}],"about":[{"href":"https:\/\/www.esla.eu\/fr\/wp-json\/wp\/v2\/types\/product"}],"wp:featuredmedia":[{"embeddable":true,"href":"https:\/\/www.esla.eu\/fr\/wp-json\/wp\/v2\/media\/3227"}],"wp:attachment":[{"href":"https:\/\/www.esla.eu\/fr\/wp-json\/wp\/v2\/media?parent=8103"}],"wp:term":[{"taxonomy":"product_brand","embeddable":true,"href":"https:\/\/www.esla.eu\/fr\/wp-json\/wp\/v2\/product_brand?post=8103"},{"taxonomy":"product_cat","embeddable":true,"href":"https:\/\/www.esla.eu\/fr\/wp-json\/wp\/v2\/product_cat?post=8103"},{"taxonomy":"product_tag","embeddable":true,"href":"https:\/\/www.esla.eu\/fr\/wp-json\/wp\/v2\/product_tag?post=8103"}],"curies":[{"name":"wp","href":"https:\/\/api.w.org\/{rel}","templated":true}]}}