{"id":8109,"date":"2024-03-18T10:34:19","date_gmt":"2024-03-18T09:34:19","guid":{"rendered":"https:\/\/esla.crealogica.eu\/productos\/non%20class\u00e9\/2001660-plateforme-mobile-relevable-en-aluminium-pour-la-maintenance-ferroviaire\/"},"modified":"2024-05-06T16:23:51","modified_gmt":"2024-05-06T14:23:51","slug":"2001660-plateforme-mobile-relevable-en-aluminium-pour-la-maintenance-ferroviaire","status":"publish","type":"product","link":"https:\/\/www.esla.eu\/fr\/produits\/solutions-speciales\/plateformes-reglables-et-remorquables\/2001660-plateforme-mobile-relevable-en-aluminium-pour-la-maintenance-ferroviaire\/","title":{"rendered":"2001660 &#8211; Plateforme mobile relevable en aluminium pour la maintenance ferroviaire"},"content":{"rendered":"<p>&#8211; Petite \u00e9chelle d&#8217;acc\u00e8s rabattable des deux c\u00f4t\u00e9s<\/p>\n<p>&#8211; Garde-corps de protection<\/p>\n<p>&#8211; Porte pliante<\/p>\n<p>&#8211; Roues triples<\/p>\n<p>&#8211; Niveleur manuel extensible<\/p>\n","protected":false},"excerpt":{"rendered":"<p>&#8211; Petite \u00e9chelle d&#8217;acc\u00e8s rabattable des deux c\u00f4t\u00e9s &#8211; Garde-corps de protection &#8211; Porte pliante &#8211; Roues triples &#8211; Niveleur manuel extensible<\/p>\n","protected":false},"featured_media":3253,"template":"","meta":{"inline_featured_image":false},"product_brand":[],"product_cat":[110,114],"product_tag":[],"class_list":{"0":"post-8109","1":"product","2":"type-product","3":"status-publish","4":"has-post-thumbnail","6":"product_cat-plateformes-elevatrices","7":"product_cat-plateformes-reglables-et-remorquables","9":"first","10":"instock","11":"shipping-taxable","12":"product-type-simple"},"_links":{"self":[{"href":"https:\/\/www.esla.eu\/fr\/wp-json\/wp\/v2\/product\/8109","targetHints":{"allow":["GET"]}}],"collection":[{"href":"https:\/\/www.esla.eu\/fr\/wp-json\/wp\/v2\/product"}],"about":[{"href":"https:\/\/www.esla.eu\/fr\/wp-json\/wp\/v2\/types\/product"}],"wp:featuredmedia":[{"embeddable":true,"href":"https:\/\/www.esla.eu\/fr\/wp-json\/wp\/v2\/media\/3253"}],"wp:attachment":[{"href":"https:\/\/www.esla.eu\/fr\/wp-json\/wp\/v2\/media?parent=8109"}],"wp:term":[{"taxonomy":"product_brand","embeddable":true,"href":"https:\/\/www.esla.eu\/fr\/wp-json\/wp\/v2\/product_brand?post=8109"},{"taxonomy":"product_cat","embeddable":true,"href":"https:\/\/www.esla.eu\/fr\/wp-json\/wp\/v2\/product_cat?post=8109"},{"taxonomy":"product_tag","embeddable":true,"href":"https:\/\/www.esla.eu\/fr\/wp-json\/wp\/v2\/product_tag?post=8109"}],"curies":[{"name":"wp","href":"https:\/\/api.w.org\/{rel}","templated":true}]}}