{"id":8115,"date":"2024-03-18T11:34:45","date_gmt":"2024-03-18T10:34:45","guid":{"rendered":"https:\/\/esla.crealogica.eu\/productos\/non%20class\u00e9\/2001543-plateforme-de-maintenance-cuve\/"},"modified":"2024-05-06T16:28:43","modified_gmt":"2024-05-06T14:28:43","slug":"2001543-plateforme-de-maintenance-cuve","status":"publish","type":"product","link":"https:\/\/www.esla.eu\/fr\/produits\/solutions-speciales\/plateformes-et-passerelles-fixes\/2001543-plateforme-de-maintenance-cuve\/","title":{"rendered":"2001543 &#8211; Plateforme de maintenance cuve"},"content":{"rendered":"<p>&#8211; \u00c9chelle d&#8217;acc\u00e8s verticale<\/p>\n<p>&#8211; Garde-corps de protection<\/p>\n<p>&#8211; Trappe d&#8217;acc\u00e8s<\/p>\n","protected":false},"excerpt":{"rendered":"<p>&#8211; \u00c9chelle d&#8217;acc\u00e8s verticale &#8211; Garde-corps de protection &#8211; Trappe d&#8217;acc\u00e8s<\/p>\n","protected":false},"featured_media":3620,"template":"","meta":{"inline_featured_image":false},"product_brand":[],"product_cat":[112],"product_tag":[],"class_list":{"0":"post-8115","1":"product","2":"type-product","3":"status-publish","4":"has-post-thumbnail","6":"product_cat-plateformes-et-passerelles-fixes","8":"first","9":"instock","10":"shipping-taxable","11":"product-type-simple"},"_links":{"self":[{"href":"https:\/\/www.esla.eu\/fr\/wp-json\/wp\/v2\/product\/8115","targetHints":{"allow":["GET"]}}],"collection":[{"href":"https:\/\/www.esla.eu\/fr\/wp-json\/wp\/v2\/product"}],"about":[{"href":"https:\/\/www.esla.eu\/fr\/wp-json\/wp\/v2\/types\/product"}],"wp:featuredmedia":[{"embeddable":true,"href":"https:\/\/www.esla.eu\/fr\/wp-json\/wp\/v2\/media\/3620"}],"wp:attachment":[{"href":"https:\/\/www.esla.eu\/fr\/wp-json\/wp\/v2\/media?parent=8115"}],"wp:term":[{"taxonomy":"product_brand","embeddable":true,"href":"https:\/\/www.esla.eu\/fr\/wp-json\/wp\/v2\/product_brand?post=8115"},{"taxonomy":"product_cat","embeddable":true,"href":"https:\/\/www.esla.eu\/fr\/wp-json\/wp\/v2\/product_cat?post=8115"},{"taxonomy":"product_tag","embeddable":true,"href":"https:\/\/www.esla.eu\/fr\/wp-json\/wp\/v2\/product_tag?post=8115"}],"curies":[{"name":"wp","href":"https:\/\/api.w.org\/{rel}","templated":true}]}}