{"id":8121,"date":"2024-03-18T11:36:19","date_gmt":"2024-03-18T10:36:19","guid":{"rendered":"https:\/\/esla.crealogica.eu\/productos\/non%20class\u00e9\/2001526-plateforme-fixe-avec-echelle-dacces-verticale\/"},"modified":"2024-05-06T16:31:38","modified_gmt":"2024-05-06T14:31:38","slug":"2001526-plateforme-fixe-avec-echelle-dacces-verticale","status":"publish","type":"product","link":"https:\/\/www.esla.eu\/fr\/produits\/solutions-speciales\/plateformes-et-passerelles-fixes\/2001526-plateforme-fixe-avec-echelle-dacces-verticale\/","title":{"rendered":"2001526 &#8211; Plateforme fixe avec \u00e9chelle d&#8217;acc\u00e8s verticale"},"content":{"rendered":"<p>&#8211; \u00c9chelle d&#8217;acc\u00e8s verticale<\/p>\n<p>&#8211; Garde-corps de protection sur le pourtour<\/p>\n<p>&#8211; Plateforme fix\u00e9e \u00e0 la structure<\/p>\n","protected":false},"excerpt":{"rendered":"<p>&#8211; \u00c9chelle d&#8217;acc\u00e8s verticale &#8211; Garde-corps de protection sur le pourtour &#8211; Plateforme fix\u00e9e \u00e0 la structure<\/p>\n","protected":false},"featured_media":3637,"template":"","meta":{"inline_featured_image":false},"product_brand":[],"product_cat":[112],"product_tag":[],"class_list":{"0":"post-8121","1":"product","2":"type-product","3":"status-publish","4":"has-post-thumbnail","6":"product_cat-plateformes-et-passerelles-fixes","8":"first","9":"instock","10":"shipping-taxable","11":"product-type-simple"},"_links":{"self":[{"href":"https:\/\/www.esla.eu\/fr\/wp-json\/wp\/v2\/product\/8121","targetHints":{"allow":["GET"]}}],"collection":[{"href":"https:\/\/www.esla.eu\/fr\/wp-json\/wp\/v2\/product"}],"about":[{"href":"https:\/\/www.esla.eu\/fr\/wp-json\/wp\/v2\/types\/product"}],"wp:featuredmedia":[{"embeddable":true,"href":"https:\/\/www.esla.eu\/fr\/wp-json\/wp\/v2\/media\/3637"}],"wp:attachment":[{"href":"https:\/\/www.esla.eu\/fr\/wp-json\/wp\/v2\/media?parent=8121"}],"wp:term":[{"taxonomy":"product_brand","embeddable":true,"href":"https:\/\/www.esla.eu\/fr\/wp-json\/wp\/v2\/product_brand?post=8121"},{"taxonomy":"product_cat","embeddable":true,"href":"https:\/\/www.esla.eu\/fr\/wp-json\/wp\/v2\/product_cat?post=8121"},{"taxonomy":"product_tag","embeddable":true,"href":"https:\/\/www.esla.eu\/fr\/wp-json\/wp\/v2\/product_tag?post=8121"}],"curies":[{"name":"wp","href":"https:\/\/api.w.org\/{rel}","templated":true}]}}