{"id":8139,"date":"2024-03-18T12:12:44","date_gmt":"2024-03-18T11:12:44","guid":{"rendered":"https:\/\/esla.crealogica.eu\/productos\/non class\u00e9\/2000000-systeme-modulaire-dechelles-crinoline-pour-lacces-aux-silos\/"},"modified":"2024-03-18T12:12:44","modified_gmt":"2024-03-18T11:12:44","slug":"2000000-systeme-modulaire-dechelles-crinoline-pour-lacces-aux-silos","status":"publish","type":"product","link":"https:\/\/www.esla.eu\/fr\/produits\/solutions-speciales\/plateformes-et-passerelles-fixes\/2000000-systeme-modulaire-dechelles-crinoline-pour-lacces-aux-silos\/","title":{"rendered":"2000000 &#8211; Syst\u00e8me modulaire d&#8217;\u00e9chelles crinoline pour l&#8217;acc\u00e8s aux silos"},"content":{"rendered":"<p>Description du projet<br \/>\nD\u00e9veloppement d&#8217;un syst\u00e8me modulaire d&#8217;\u00e9chelles verticales en aluminium avec arceaux (v\u00e9rin) pour un fabricant de silos, entrep\u00f4ts et cuves.<\/p>\n<p>D\u00e9tails<br \/>\nProduit normalis\u00e9 pour A 14122.<br \/>\nChaque module comprend une section d&#8217;escalier, des anneaux, des barres de protection, des ancrages et des connexions, ainsi que toutes les visseries en acier inoxydable n\u00e9cessaires.<br \/>\nIl existe 3 types de modules, entr\u00e9e, interm\u00e9diaire et sortie ou observation.<br \/>\nLes besoins du consommateur<br \/>\nStandardisation Nous concevons diff\u00e9rents modules qui, combin\u00e9s entre eux, nous permettent d&#8217;atteindre toutes les hauteurs de la gamme de silos de nos clients.<br \/>\nPrix. Le client obtient un prix pour chacun des silos, ce qui lui permet d&#8217;int\u00e9grer le co\u00fbt dans sa grille tarifaire.<br \/>\nService. Nous avons le produit en stock, donc lorsque la commande arrive, nous pr\u00e9parons uniquement toutes les pi\u00e8ces des diff\u00e9rents modules qui composent le silo, et en 2 semaines le mat\u00e9riel arrive. L&#8217;avantage est que lorsque le client re\u00e7oit la commande, il peut l&#8217;envoyer directement sur site avec sa liste de colisage et son plan de montage.<\/p>\n","protected":false},"excerpt":{"rendered":"<p>Description du projet D\u00e9veloppement d&#8217;un syst\u00e8me modulaire d&#8217;\u00e9chelles verticales en aluminium avec arceaux (v\u00e9rin) pour un fabricant de silos, entrep\u00f4ts et cuves. D\u00e9tails Produit normalis\u00e9 pour A 14122. Chaque module comprend une section d&#8217;escalier, des anneaux, des barres de protection, des ancrages et des connexions, ainsi que toutes les visseries en acier inoxydable n\u00e9cessaires. Il [&hellip;]<\/p>\n","protected":false},"featured_media":4008,"template":"","meta":{"inline_featured_image":false},"product_brand":[],"product_cat":[112],"product_tag":[],"class_list":{"0":"post-8139","1":"product","2":"type-product","3":"status-publish","4":"has-post-thumbnail","6":"product_cat-plateformes-et-passerelles-fixes","8":"first","9":"instock","10":"shipping-taxable","11":"product-type-simple"},"_links":{"self":[{"href":"https:\/\/www.esla.eu\/fr\/wp-json\/wp\/v2\/product\/8139","targetHints":{"allow":["GET"]}}],"collection":[{"href":"https:\/\/www.esla.eu\/fr\/wp-json\/wp\/v2\/product"}],"about":[{"href":"https:\/\/www.esla.eu\/fr\/wp-json\/wp\/v2\/types\/product"}],"wp:featuredmedia":[{"embeddable":true,"href":"https:\/\/www.esla.eu\/fr\/wp-json\/wp\/v2\/media\/4008"}],"wp:attachment":[{"href":"https:\/\/www.esla.eu\/fr\/wp-json\/wp\/v2\/media?parent=8139"}],"wp:term":[{"taxonomy":"product_brand","embeddable":true,"href":"https:\/\/www.esla.eu\/fr\/wp-json\/wp\/v2\/product_brand?post=8139"},{"taxonomy":"product_cat","embeddable":true,"href":"https:\/\/www.esla.eu\/fr\/wp-json\/wp\/v2\/product_cat?post=8139"},{"taxonomy":"product_tag","embeddable":true,"href":"https:\/\/www.esla.eu\/fr\/wp-json\/wp\/v2\/product_tag?post=8139"}],"curies":[{"name":"wp","href":"https:\/\/api.w.org\/{rel}","templated":true}]}}