{"id":8140,"date":"2024-03-18T12:17:17","date_gmt":"2024-03-18T11:17:17","guid":{"rendered":"https:\/\/esla.crealogica.eu\/productos\/non%20class\u00e9\/2000000-passerelle-en-aluminium-avec-plates-formes-et-escaliers-dacces-aux-machines\/"},"modified":"2024-05-06T16:44:46","modified_gmt":"2024-05-06T14:44:46","slug":"2000000-passerelle-en-aluminium-avec-plates-formes-et-escaliers-dacces-aux-machines","status":"publish","type":"product","link":"https:\/\/www.esla.eu\/fr\/produits\/solutions-speciales\/plateformes-et-passerelles-fixes\/2000000-passerelle-en-aluminium-avec-plates-formes-et-escaliers-dacces-aux-machines\/","title":{"rendered":"2000000 &#8211; Passerelle en aluminium avec plates-formes et escaliers d&#8217;acc\u00e8s aux machines"},"content":{"rendered":"<p>Description du projet<br \/>\nPasserelle en aluminium avec escaliers d&#8217;acc\u00e8s et mains courantes pour l&#8217;entretien des machines.<\/p>\n<p>D\u00e9tails<br \/>\nGarde-corps modulable sur tout le p\u00e9rim\u00e8tre ext\u00e9rieur pour \u00e9viter les risques de chutes.<br \/>\n\u00c9chelle d&#8217;acc\u00e8s mobile pour l&#8217;entretien. Equip\u00e9 de doubles mains courantes, de 4 roues avec doubles stabilisateurs et de cha\u00eenes de s\u00e9curit\u00e9 avant.<br \/>\nTabouret sp\u00e9cial pour acc\u00e9der au panneau de commande.<br \/>\n\u00c9chelle fixe \u00e0 60\u00b0 pour acc\u00e9der au grenier des machines, avec double palier et virage \u00e0 droite.<br \/>\n\u00c9chelle verticale avec anneaux de protection dorsale pour acc\u00e9der \u00e0 la partie sup\u00e9rieure de la machine.<br \/>\nLes besoins du consommateur<br \/>\nStandardisation. L&#8217;objectif est, r\u00e9pondant aux besoins sp\u00e9cifiques du client, de transformer cette condition particuli\u00e8re en un mod\u00e8le de production standard r\u00e9f\u00e9renc\u00e9.<br \/>\nPrix. Notre produit devient un consommable pour le client et fait donc partie de sa structure de co\u00fbts directs. Ensemble, nous analysons toutes les possibilit\u00e9s pour obtenir un prix comp\u00e9titif.<br \/>\nService.Le produit est r\u00e9f\u00e9renc\u00e9, permettant au client de planifier la gestion de ses achats dans les d\u00e9lais convenus.<\/p>\n","protected":false},"excerpt":{"rendered":"<p>Description du projet Passerelle en aluminium avec escaliers d&#8217;acc\u00e8s et mains courantes pour l&#8217;entretien des machines. D\u00e9tails Garde-corps modulable sur tout le p\u00e9rim\u00e8tre ext\u00e9rieur pour \u00e9viter les risques de chutes. \u00c9chelle d&#8217;acc\u00e8s mobile pour l&#8217;entretien. Equip\u00e9 de doubles mains courantes, de 4 roues avec doubles stabilisateurs et de cha\u00eenes de s\u00e9curit\u00e9 avant. Tabouret sp\u00e9cial pour [&hellip;]<\/p>\n","protected":false},"featured_media":4040,"template":"","meta":{"inline_featured_image":false},"product_brand":[],"product_cat":[112],"product_tag":[],"class_list":{"0":"post-8140","1":"product","2":"type-product","3":"status-publish","4":"has-post-thumbnail","6":"product_cat-plateformes-et-passerelles-fixes","8":"first","9":"instock","10":"shipping-taxable","11":"product-type-simple"},"_links":{"self":[{"href":"https:\/\/www.esla.eu\/fr\/wp-json\/wp\/v2\/product\/8140","targetHints":{"allow":["GET"]}}],"collection":[{"href":"https:\/\/www.esla.eu\/fr\/wp-json\/wp\/v2\/product"}],"about":[{"href":"https:\/\/www.esla.eu\/fr\/wp-json\/wp\/v2\/types\/product"}],"wp:featuredmedia":[{"embeddable":true,"href":"https:\/\/www.esla.eu\/fr\/wp-json\/wp\/v2\/media\/4040"}],"wp:attachment":[{"href":"https:\/\/www.esla.eu\/fr\/wp-json\/wp\/v2\/media?parent=8140"}],"wp:term":[{"taxonomy":"product_brand","embeddable":true,"href":"https:\/\/www.esla.eu\/fr\/wp-json\/wp\/v2\/product_brand?post=8140"},{"taxonomy":"product_cat","embeddable":true,"href":"https:\/\/www.esla.eu\/fr\/wp-json\/wp\/v2\/product_cat?post=8140"},{"taxonomy":"product_tag","embeddable":true,"href":"https:\/\/www.esla.eu\/fr\/wp-json\/wp\/v2\/product_tag?post=8140"}],"curies":[{"name":"wp","href":"https:\/\/api.w.org\/{rel}","templated":true}]}}