{"id":8146,"date":"2024-03-18T12:20:57","date_gmt":"2024-03-18T11:20:57","guid":{"rendered":"https:\/\/esla.crealogica.eu\/productos\/non class\u00e9\/2000000-echelle-crinoline-dacces-fixe-en-aluminium-avec-plate-forme\/"},"modified":"2024-03-18T12:20:57","modified_gmt":"2024-03-18T11:20:57","slug":"2000000-echelle-crinoline-dacces-fixe-en-aluminium-avec-plate-forme","status":"publish","type":"product","link":"https:\/\/www.esla.eu\/fr\/produits\/solutions-speciales\/plateformes-et-passerelles-fixes\/2000000-echelle-crinoline-dacces-fixe-en-aluminium-avec-plate-forme\/","title":{"rendered":"2000000 &#8211; \u00c9chelle crinoline d&#8217;acc\u00e8s fixe en aluminium avec plate-forme"},"content":{"rendered":"<p>Description du projet<br \/>\nStandardisation d&#8217;une gamme d&#8217;\u00e9chelles d&#8217;acc\u00e8s fixes en aluminium pour les fabricants de presses hydrauliques, dans le but de pouvoir r\u00e9aliser des travaux de maintenance.<\/p>\n<p>D\u00e9tails<br \/>\nSyst\u00e8me modulaire.<br \/>\nLa section initiale est extensible et coulisse vers le haut. De cette fa\u00e7on, il ne prend pas de place lorsqu&#8217;il n&#8217;est pas utilis\u00e9.<br \/>\nLes besoins du consommateur<br \/>\nStandardisation. Nous avons con\u00e7u un syst\u00e8me modulaire optimis\u00e9 pour couvrir des hauteurs de 2,5 \u00e0 8 m\u00e8tres jusqu&#8217;\u00e0 l&#8217;atterrissage.<br \/>\nDes prix. Comme dans tout processus d&#8217;industrialisation, en standardisant le produit pour son utilisation, cela nous permet d&#8217;offrir des prix optimaux, m\u00eame s&#8217;il s&#8217;agit d&#8217;un produit sp\u00e9cial exclusivement pour ce secteur.<br \/>\nService. En ayant tous les composants en stock, tout le mat\u00e9riel peut \u00eatre exp\u00e9di\u00e9 sous 2 semaines. De plus, le codage de chaque \u00e9chelle permet au fabricant de presses de passer la commande rapidement et efficacement.<\/p>\n","protected":false},"excerpt":{"rendered":"<p>Description du projet Standardisation d&#8217;une gamme d&#8217;\u00e9chelles d&#8217;acc\u00e8s fixes en aluminium pour les fabricants de presses hydrauliques, dans le but de pouvoir r\u00e9aliser des travaux de maintenance. D\u00e9tails Syst\u00e8me modulaire. La section initiale est extensible et coulisse vers le haut. De cette fa\u00e7on, il ne prend pas de place lorsqu&#8217;il n&#8217;est pas utilis\u00e9. Les besoins [&hellip;]<\/p>\n","protected":false},"featured_media":4051,"template":"","meta":{"inline_featured_image":false},"product_brand":[],"product_cat":[112],"product_tag":[],"class_list":{"0":"post-8146","1":"product","2":"type-product","3":"status-publish","4":"has-post-thumbnail","6":"product_cat-plateformes-et-passerelles-fixes","8":"first","9":"instock","10":"shipping-taxable","11":"product-type-simple"},"_links":{"self":[{"href":"https:\/\/www.esla.eu\/fr\/wp-json\/wp\/v2\/product\/8146","targetHints":{"allow":["GET"]}}],"collection":[{"href":"https:\/\/www.esla.eu\/fr\/wp-json\/wp\/v2\/product"}],"about":[{"href":"https:\/\/www.esla.eu\/fr\/wp-json\/wp\/v2\/types\/product"}],"wp:featuredmedia":[{"embeddable":true,"href":"https:\/\/www.esla.eu\/fr\/wp-json\/wp\/v2\/media\/4051"}],"wp:attachment":[{"href":"https:\/\/www.esla.eu\/fr\/wp-json\/wp\/v2\/media?parent=8146"}],"wp:term":[{"taxonomy":"product_brand","embeddable":true,"href":"https:\/\/www.esla.eu\/fr\/wp-json\/wp\/v2\/product_brand?post=8146"},{"taxonomy":"product_cat","embeddable":true,"href":"https:\/\/www.esla.eu\/fr\/wp-json\/wp\/v2\/product_cat?post=8146"},{"taxonomy":"product_tag","embeddable":true,"href":"https:\/\/www.esla.eu\/fr\/wp-json\/wp\/v2\/product_tag?post=8146"}],"curies":[{"name":"wp","href":"https:\/\/api.w.org\/{rel}","templated":true}]}}