{"id":8147,"date":"2024-03-18T11:22:09","date_gmt":"2024-03-18T10:22:09","guid":{"rendered":"https:\/\/esla.crealogica.eu\/productos\/non%20class\u00e9\/2010940-plateforme-mobile\/"},"modified":"2024-05-06T16:53:06","modified_gmt":"2024-05-06T14:53:06","slug":"2010940-plateforme-mobile","status":"publish","type":"product","link":"https:\/\/www.esla.eu\/fr\/produits\/solutions-speciales\/plateformes-mobiles\/2010940-plateforme-mobile\/","title":{"rendered":"2010940 &#8211; Plateforme mobile"},"content":{"rendered":"<p>Plateforme mobile en aluminium pour la maintenance des machines<\/p>\n<p>&#8211; 4 roues avec syst\u00e8me de freinage 4 x 4 en m\u00eame temps<\/p>\n<p>&#8211; Portes lat\u00e9rales avec ressort pour acc\u00e8s<\/p>\n","protected":false},"excerpt":{"rendered":"<p>Plateforme mobile en aluminium pour la maintenance des machines &#8211; 4 roues avec syst\u00e8me de freinage 4 x 4 en m\u00eame temps &#8211; Portes lat\u00e9rales avec ressort pour acc\u00e8s<\/p>\n","protected":false},"featured_media":3522,"template":"","meta":{"inline_featured_image":false},"product_brand":[],"product_cat":[113],"product_tag":[],"class_list":{"0":"post-8147","1":"product","2":"type-product","3":"status-publish","4":"has-post-thumbnail","6":"product_cat-plateformes-mobiles","8":"first","9":"instock","10":"shipping-taxable","11":"product-type-simple"},"_links":{"self":[{"href":"https:\/\/www.esla.eu\/fr\/wp-json\/wp\/v2\/product\/8147","targetHints":{"allow":["GET"]}}],"collection":[{"href":"https:\/\/www.esla.eu\/fr\/wp-json\/wp\/v2\/product"}],"about":[{"href":"https:\/\/www.esla.eu\/fr\/wp-json\/wp\/v2\/types\/product"}],"wp:featuredmedia":[{"embeddable":true,"href":"https:\/\/www.esla.eu\/fr\/wp-json\/wp\/v2\/media\/3522"}],"wp:attachment":[{"href":"https:\/\/www.esla.eu\/fr\/wp-json\/wp\/v2\/media?parent=8147"}],"wp:term":[{"taxonomy":"product_brand","embeddable":true,"href":"https:\/\/www.esla.eu\/fr\/wp-json\/wp\/v2\/product_brand?post=8147"},{"taxonomy":"product_cat","embeddable":true,"href":"https:\/\/www.esla.eu\/fr\/wp-json\/wp\/v2\/product_cat?post=8147"},{"taxonomy":"product_tag","embeddable":true,"href":"https:\/\/www.esla.eu\/fr\/wp-json\/wp\/v2\/product_tag?post=8147"}],"curies":[{"name":"wp","href":"https:\/\/api.w.org\/{rel}","templated":true}]}}