{"id":8171,"date":"2024-03-18T12:11:12","date_gmt":"2024-03-18T11:11:12","guid":{"rendered":"https:\/\/esla.crealogica.eu\/productos\/non%20class\u00e9\/2001291-passerelle-en-aluminium\/"},"modified":"2024-05-06T17:03:05","modified_gmt":"2024-05-06T15:03:05","slug":"2001291-passerelle-en-aluminium","status":"publish","type":"product","link":"https:\/\/www.esla.eu\/fr\/produits\/solutions-speciales\/plateformes-et-passerelles-fixes\/2001291-passerelle-en-aluminium\/","title":{"rendered":"2001291 &#8211; \u200bPasserelle en aluminium"},"content":{"rendered":"<p>Passerelle en aluminium \u00e0 fixer par machine.<\/p>\n<p>Conform\u00e9ment au r\u00e8glement 14122.<\/p>\n<p>Garde-corps de protection.<\/p>\n","protected":false},"excerpt":{"rendered":"<p>Passerelle en aluminium \u00e0 fixer par machine. Conform\u00e9ment au r\u00e8glement 14122. Garde-corps de protection.<\/p>\n","protected":false},"featured_media":3947,"template":"","meta":{"inline_featured_image":false},"product_brand":[],"product_cat":[112],"product_tag":[],"class_list":{"0":"post-8171","1":"product","2":"type-product","3":"status-publish","4":"has-post-thumbnail","6":"product_cat-plateformes-et-passerelles-fixes","8":"first","9":"instock","10":"shipping-taxable","11":"product-type-simple"},"_links":{"self":[{"href":"https:\/\/www.esla.eu\/fr\/wp-json\/wp\/v2\/product\/8171","targetHints":{"allow":["GET"]}}],"collection":[{"href":"https:\/\/www.esla.eu\/fr\/wp-json\/wp\/v2\/product"}],"about":[{"href":"https:\/\/www.esla.eu\/fr\/wp-json\/wp\/v2\/types\/product"}],"wp:featuredmedia":[{"embeddable":true,"href":"https:\/\/www.esla.eu\/fr\/wp-json\/wp\/v2\/media\/3947"}],"wp:attachment":[{"href":"https:\/\/www.esla.eu\/fr\/wp-json\/wp\/v2\/media?parent=8171"}],"wp:term":[{"taxonomy":"product_brand","embeddable":true,"href":"https:\/\/www.esla.eu\/fr\/wp-json\/wp\/v2\/product_brand?post=8171"},{"taxonomy":"product_cat","embeddable":true,"href":"https:\/\/www.esla.eu\/fr\/wp-json\/wp\/v2\/product_cat?post=8171"},{"taxonomy":"product_tag","embeddable":true,"href":"https:\/\/www.esla.eu\/fr\/wp-json\/wp\/v2\/product_tag?post=8171"}],"curies":[{"name":"wp","href":"https:\/\/api.w.org\/{rel}","templated":true}]}}