{"id":8178,"date":"2024-03-18T10:43:24","date_gmt":"2024-03-18T09:43:24","guid":{"rendered":"https:\/\/esla.crealogica.eu\/productos\/non%20class\u00e9\/2030224-plateforme-mobile-en-aluminium-a-double-acces\/"},"modified":"2024-05-07T10:02:59","modified_gmt":"2024-05-07T08:02:59","slug":"2030224-plateforme-mobile-en-aluminium-a-double-acces","status":"publish","type":"product","link":"https:\/\/www.esla.eu\/fr\/produits\/solutions-speciales\/plateformes-mobiles\/2030224-plateforme-mobile-en-aluminium-a-double-acces\/","title":{"rendered":"2030224 &#8211; Plateforme mobile en aluminium \u00e0 double acc\u00e8s"},"content":{"rendered":"<p>-Ch\u00e2ssis inf\u00e9rieur avec logement pour les lames d&#8217;un chariot \u00e9l\u00e9vateur<\/p>\n<p>-Portes automatiques<\/p>\n<p>-Pi\u00e8ces de protection en caoutchouc<\/p>\n","protected":false},"excerpt":{"rendered":"<p>-Ch\u00e2ssis inf\u00e9rieur avec logement pour les lames d&#8217;un chariot \u00e9l\u00e9vateur -Portes automatiques -Pi\u00e8ces de protection en caoutchouc<\/p>\n","protected":false},"featured_media":3306,"template":"","meta":{"inline_featured_image":false},"product_brand":[],"product_cat":[113],"product_tag":[],"class_list":{"0":"post-8178","1":"product","2":"type-product","3":"status-publish","4":"has-post-thumbnail","6":"product_cat-plateformes-mobiles","8":"first","9":"instock","10":"shipping-taxable","11":"product-type-simple"},"_links":{"self":[{"href":"https:\/\/www.esla.eu\/fr\/wp-json\/wp\/v2\/product\/8178","targetHints":{"allow":["GET"]}}],"collection":[{"href":"https:\/\/www.esla.eu\/fr\/wp-json\/wp\/v2\/product"}],"about":[{"href":"https:\/\/www.esla.eu\/fr\/wp-json\/wp\/v2\/types\/product"}],"wp:featuredmedia":[{"embeddable":true,"href":"https:\/\/www.esla.eu\/fr\/wp-json\/wp\/v2\/media\/3306"}],"wp:attachment":[{"href":"https:\/\/www.esla.eu\/fr\/wp-json\/wp\/v2\/media?parent=8178"}],"wp:term":[{"taxonomy":"product_brand","embeddable":true,"href":"https:\/\/www.esla.eu\/fr\/wp-json\/wp\/v2\/product_brand?post=8178"},{"taxonomy":"product_cat","embeddable":true,"href":"https:\/\/www.esla.eu\/fr\/wp-json\/wp\/v2\/product_cat?post=8178"},{"taxonomy":"product_tag","embeddable":true,"href":"https:\/\/www.esla.eu\/fr\/wp-json\/wp\/v2\/product_tag?post=8178"}],"curies":[{"name":"wp","href":"https:\/\/api.w.org\/{rel}","templated":true}]}}