{"id":8196,"date":"2024-03-18T11:08:30","date_gmt":"2024-03-18T10:08:30","guid":{"rendered":"https:\/\/esla.crealogica.eu\/productos\/non%20class\u00e9\/2001509-plateforme-mobile\/"},"modified":"2024-05-07T10:40:52","modified_gmt":"2024-05-07T08:40:52","slug":"2001509-plateforme-mobile","status":"publish","type":"product","link":"https:\/\/www.esla.eu\/fr\/produits\/solutions-speciales\/plateformes-mobiles\/2001509-plateforme-mobile\/","title":{"rendered":"2001509 &#8211; Plateforme mobile"},"content":{"rendered":"<p>Plateforme mobile en aluminium pour la maintenance ferroviaire<\/p>\n<p>&#8211; Garde-corps avant rabattables<\/p>\n<p>&#8211; Protection frontale pour \u00e9viter les impacts avec le caoutchouc<\/p>\n<p>&#8211; Triple roue<\/p>\n<p>&#8211; Ch\u00e2ssis inf\u00e9rieur en acier peint<\/p>\n","protected":false},"excerpt":{"rendered":"<p>Plateforme mobile en aluminium pour la maintenance ferroviaire &#8211; Garde-corps avant rabattables &#8211; Protection frontale pour \u00e9viter les impacts avec le caoutchouc &#8211; Triple roue &#8211; Ch\u00e2ssis inf\u00e9rieur en acier peint<\/p>\n","protected":false},"featured_media":3426,"template":"","meta":{"inline_featured_image":false},"product_brand":[],"product_cat":[113],"product_tag":[],"class_list":{"0":"post-8196","1":"product","2":"type-product","3":"status-publish","4":"has-post-thumbnail","6":"product_cat-plateformes-mobiles","8":"first","9":"instock","10":"shipping-taxable","11":"product-type-simple"},"_links":{"self":[{"href":"https:\/\/www.esla.eu\/fr\/wp-json\/wp\/v2\/product\/8196","targetHints":{"allow":["GET"]}}],"collection":[{"href":"https:\/\/www.esla.eu\/fr\/wp-json\/wp\/v2\/product"}],"about":[{"href":"https:\/\/www.esla.eu\/fr\/wp-json\/wp\/v2\/types\/product"}],"wp:featuredmedia":[{"embeddable":true,"href":"https:\/\/www.esla.eu\/fr\/wp-json\/wp\/v2\/media\/3426"}],"wp:attachment":[{"href":"https:\/\/www.esla.eu\/fr\/wp-json\/wp\/v2\/media?parent=8196"}],"wp:term":[{"taxonomy":"product_brand","embeddable":true,"href":"https:\/\/www.esla.eu\/fr\/wp-json\/wp\/v2\/product_brand?post=8196"},{"taxonomy":"product_cat","embeddable":true,"href":"https:\/\/www.esla.eu\/fr\/wp-json\/wp\/v2\/product_cat?post=8196"},{"taxonomy":"product_tag","embeddable":true,"href":"https:\/\/www.esla.eu\/fr\/wp-json\/wp\/v2\/product_tag?post=8196"}],"curies":[{"name":"wp","href":"https:\/\/api.w.org\/{rel}","templated":true}]}}