{"id":8203,"date":"2024-03-18T10:39:45","date_gmt":"2024-03-18T09:39:45","guid":{"rendered":"https:\/\/esla.crealogica.eu\/productos\/non%20class\u00e9\/2001560-helicopter-maintenance\/"},"modified":"2024-05-07T10:52:41","modified_gmt":"2024-05-07T08:52:41","slug":"2001560-helicopter-maintenance","status":"publish","type":"product","link":"https:\/\/www.esla.eu\/fr\/produits\/solutions-speciales\/plateformes-mobiles\/2001560-helicopter-maintenance\/","title":{"rendered":"2001560 &#8211; Helicopter maintenance"},"content":{"rendered":"<p>2001554 &#8211; Plateforme avant<\/p>\n<p>2001553-2001542 &#8211; Plateformes arri\u00e8re (gauche+droite)<\/p>\n<p>2001552-2001570 &#8211; Plateformes lat\u00e9rales (gauche+droite). Equip\u00e9 d&#8217;air comprim\u00e9 et d&#8217;\u00e9lectricit\u00e9.<\/p>\n","protected":false},"excerpt":{"rendered":"<p>2001554 &#8211; Plateforme avant 2001553-2001542 &#8211; Plateformes arri\u00e8re (gauche+droite) 2001552-2001570 &#8211; Plateformes lat\u00e9rales (gauche+droite). Equip\u00e9 d&#8217;air comprim\u00e9 et d&#8217;\u00e9lectricit\u00e9.<\/p>\n","protected":false},"featured_media":3269,"template":"","meta":{"inline_featured_image":false},"product_brand":[],"product_cat":[113],"product_tag":[],"class_list":{"0":"post-8203","1":"product","2":"type-product","3":"status-publish","4":"has-post-thumbnail","6":"product_cat-plateformes-mobiles","8":"first","9":"instock","10":"shipping-taxable","11":"product-type-simple"},"_links":{"self":[{"href":"https:\/\/www.esla.eu\/fr\/wp-json\/wp\/v2\/product\/8203","targetHints":{"allow":["GET"]}}],"collection":[{"href":"https:\/\/www.esla.eu\/fr\/wp-json\/wp\/v2\/product"}],"about":[{"href":"https:\/\/www.esla.eu\/fr\/wp-json\/wp\/v2\/types\/product"}],"wp:featuredmedia":[{"embeddable":true,"href":"https:\/\/www.esla.eu\/fr\/wp-json\/wp\/v2\/media\/3269"}],"wp:attachment":[{"href":"https:\/\/www.esla.eu\/fr\/wp-json\/wp\/v2\/media?parent=8203"}],"wp:term":[{"taxonomy":"product_brand","embeddable":true,"href":"https:\/\/www.esla.eu\/fr\/wp-json\/wp\/v2\/product_brand?post=8203"},{"taxonomy":"product_cat","embeddable":true,"href":"https:\/\/www.esla.eu\/fr\/wp-json\/wp\/v2\/product_cat?post=8203"},{"taxonomy":"product_tag","embeddable":true,"href":"https:\/\/www.esla.eu\/fr\/wp-json\/wp\/v2\/product_tag?post=8203"}],"curies":[{"name":"wp","href":"https:\/\/api.w.org\/{rel}","templated":true}]}}