{"id":8216,"date":"2024-03-18T10:50:56","date_gmt":"2024-03-18T09:50:56","guid":{"rendered":"https:\/\/esla.crealogica.eu\/productos\/non%20class\u00e9\/2011052-plateforme-de-maintenance-aeronautique\/"},"modified":"2024-05-07T10:59:41","modified_gmt":"2024-05-07T08:59:41","slug":"2011052-plateforme-de-maintenance-aeronautique","status":"publish","type":"product","link":"https:\/\/www.esla.eu\/fr\/produits\/solutions-speciales\/plateformes-mobiles\/2011052-plateforme-de-maintenance-aeronautique\/","title":{"rendered":"2011052 &#8211; Plateforme de maintenance a\u00e9ronautique"},"content":{"rendered":"<p>-Peint en blanc selon la demande du client<\/p>\n<p>-Porte automatique<\/p>\n<p>-Premi\u00e8re et derni\u00e8re \u00e9tape avec panneaux d&#8217;avertissement<\/p>\n<p>-Roues sp\u00e9ciales avec protections<\/p>\n<p>-Barres pour fixer l&#8217;\u00e9chelle<\/p>\n<p>\u00c9chelle -35\u00b0<\/p>\n","protected":false},"excerpt":{"rendered":"<p>-Peint en blanc selon la demande du client -Porte automatique -Premi\u00e8re et derni\u00e8re \u00e9tape avec panneaux d&#8217;avertissement -Roues sp\u00e9ciales avec protections -Barres pour fixer l&#8217;\u00e9chelle \u00c9chelle -35\u00b0<\/p>\n","protected":false},"featured_media":3366,"template":"","meta":{"inline_featured_image":false},"product_brand":[],"product_cat":[113],"product_tag":[],"class_list":{"0":"post-8216","1":"product","2":"type-product","3":"status-publish","4":"has-post-thumbnail","6":"product_cat-plateformes-mobiles","8":"first","9":"instock","10":"shipping-taxable","11":"product-type-simple"},"_links":{"self":[{"href":"https:\/\/www.esla.eu\/fr\/wp-json\/wp\/v2\/product\/8216","targetHints":{"allow":["GET"]}}],"collection":[{"href":"https:\/\/www.esla.eu\/fr\/wp-json\/wp\/v2\/product"}],"about":[{"href":"https:\/\/www.esla.eu\/fr\/wp-json\/wp\/v2\/types\/product"}],"wp:featuredmedia":[{"embeddable":true,"href":"https:\/\/www.esla.eu\/fr\/wp-json\/wp\/v2\/media\/3366"}],"wp:attachment":[{"href":"https:\/\/www.esla.eu\/fr\/wp-json\/wp\/v2\/media?parent=8216"}],"wp:term":[{"taxonomy":"product_brand","embeddable":true,"href":"https:\/\/www.esla.eu\/fr\/wp-json\/wp\/v2\/product_brand?post=8216"},{"taxonomy":"product_cat","embeddable":true,"href":"https:\/\/www.esla.eu\/fr\/wp-json\/wp\/v2\/product_cat?post=8216"},{"taxonomy":"product_tag","embeddable":true,"href":"https:\/\/www.esla.eu\/fr\/wp-json\/wp\/v2\/product_tag?post=8216"}],"curies":[{"name":"wp","href":"https:\/\/api.w.org\/{rel}","templated":true}]}}