{"id":8222,"date":"2024-03-18T11:14:05","date_gmt":"2024-03-18T10:14:05","guid":{"rendered":"https:\/\/esla.crealogica.eu\/productos\/non%20class\u00e9\/2001434-plateforme-mobile\/"},"modified":"2024-05-07T11:03:19","modified_gmt":"2024-05-07T09:03:19","slug":"2001434-plateforme-mobile","status":"publish","type":"product","link":"https:\/\/www.esla.eu\/fr\/produits\/solutions-speciales\/plateformes-mobiles\/2001434-plateforme-mobile\/","title":{"rendered":"2001434 &#8211; Plateforme mobile"},"content":{"rendered":"<p>Plateforme mobile en aluminium pour la maintenance des h\u00e9licopt\u00e8res<\/p>\n<p>&#8211; Pieds de nivellement<\/p>\n<p>&#8211; Porte-\u00e0-faux lat\u00e9ral<\/p>\n","protected":false},"excerpt":{"rendered":"<p>Plateforme mobile en aluminium pour la maintenance des h\u00e9licopt\u00e8res &#8211; Pieds de nivellement &#8211; Porte-\u00e0-faux lat\u00e9ral<\/p>\n","protected":false},"featured_media":3463,"template":"","meta":{"inline_featured_image":false},"product_brand":[],"product_cat":[113],"product_tag":[],"class_list":{"0":"post-8222","1":"product","2":"type-product","3":"status-publish","4":"has-post-thumbnail","6":"product_cat-plateformes-mobiles","8":"first","9":"instock","10":"shipping-taxable","11":"product-type-simple"},"_links":{"self":[{"href":"https:\/\/www.esla.eu\/fr\/wp-json\/wp\/v2\/product\/8222","targetHints":{"allow":["GET"]}}],"collection":[{"href":"https:\/\/www.esla.eu\/fr\/wp-json\/wp\/v2\/product"}],"about":[{"href":"https:\/\/www.esla.eu\/fr\/wp-json\/wp\/v2\/types\/product"}],"wp:featuredmedia":[{"embeddable":true,"href":"https:\/\/www.esla.eu\/fr\/wp-json\/wp\/v2\/media\/3463"}],"wp:attachment":[{"href":"https:\/\/www.esla.eu\/fr\/wp-json\/wp\/v2\/media?parent=8222"}],"wp:term":[{"taxonomy":"product_brand","embeddable":true,"href":"https:\/\/www.esla.eu\/fr\/wp-json\/wp\/v2\/product_brand?post=8222"},{"taxonomy":"product_cat","embeddable":true,"href":"https:\/\/www.esla.eu\/fr\/wp-json\/wp\/v2\/product_cat?post=8222"},{"taxonomy":"product_tag","embeddable":true,"href":"https:\/\/www.esla.eu\/fr\/wp-json\/wp\/v2\/product_tag?post=8222"}],"curies":[{"name":"wp","href":"https:\/\/api.w.org\/{rel}","templated":true}]}}