{"id":8228,"date":"2024-03-18T11:15:57","date_gmt":"2024-03-18T10:15:57","guid":{"rendered":"https:\/\/esla.crealogica.eu\/productos\/non%20class\u00e9\/2010975-plateforme-mobile\/"},"modified":"2024-05-07T11:06:06","modified_gmt":"2024-05-07T09:06:06","slug":"2010975-plateforme-mobile","status":"publish","type":"product","link":"https:\/\/www.esla.eu\/fr\/produits\/solutions-speciales\/plateformes-mobiles\/2010975-plateforme-mobile\/","title":{"rendered":"2010975 &#8211; Plateforme mobile"},"content":{"rendered":"<p>Plateforme mobile en aluminium pour la maintenance<\/p>\n<p>&#8211; Sortie lat\u00e9rale avec porte automatique<\/p>\n<p>&#8211; Porte-\u00e0-faux lat\u00e9ral<\/p>\n","protected":false},"excerpt":{"rendered":"<p>Plateforme mobile en aluminium pour la maintenance &#8211; Sortie lat\u00e9rale avec porte automatique &#8211; Porte-\u00e0-faux lat\u00e9ral<\/p>\n","protected":false},"featured_media":3479,"template":"","meta":{"inline_featured_image":false},"product_brand":[],"product_cat":[113],"product_tag":[],"class_list":{"0":"post-8228","1":"product","2":"type-product","3":"status-publish","4":"has-post-thumbnail","6":"product_cat-plateformes-mobiles","8":"first","9":"instock","10":"shipping-taxable","11":"product-type-simple"},"_links":{"self":[{"href":"https:\/\/www.esla.eu\/fr\/wp-json\/wp\/v2\/product\/8228","targetHints":{"allow":["GET"]}}],"collection":[{"href":"https:\/\/www.esla.eu\/fr\/wp-json\/wp\/v2\/product"}],"about":[{"href":"https:\/\/www.esla.eu\/fr\/wp-json\/wp\/v2\/types\/product"}],"wp:featuredmedia":[{"embeddable":true,"href":"https:\/\/www.esla.eu\/fr\/wp-json\/wp\/v2\/media\/3479"}],"wp:attachment":[{"href":"https:\/\/www.esla.eu\/fr\/wp-json\/wp\/v2\/media?parent=8228"}],"wp:term":[{"taxonomy":"product_brand","embeddable":true,"href":"https:\/\/www.esla.eu\/fr\/wp-json\/wp\/v2\/product_brand?post=8228"},{"taxonomy":"product_cat","embeddable":true,"href":"https:\/\/www.esla.eu\/fr\/wp-json\/wp\/v2\/product_cat?post=8228"},{"taxonomy":"product_tag","embeddable":true,"href":"https:\/\/www.esla.eu\/fr\/wp-json\/wp\/v2\/product_tag?post=8228"}],"curies":[{"name":"wp","href":"https:\/\/api.w.org\/{rel}","templated":true}]}}