{"id":8246,"date":"2024-03-18T11:40:56","date_gmt":"2024-03-18T10:40:56","guid":{"rendered":"https:\/\/esla.crealogica.eu\/productos\/non%20class\u00e9\/2001533-plateforme-fixe-pour-maintenance\/"},"modified":"2024-05-07T11:14:46","modified_gmt":"2024-05-07T09:14:46","slug":"2001533-plateforme-fixe-pour-maintenance","status":"publish","type":"product","link":"https:\/\/www.esla.eu\/fr\/produits\/solutions-speciales\/plateformes-et-passerelles-fixes\/2001533-plateforme-fixe-pour-maintenance\/","title":{"rendered":"2001533 &#8211; Plateforme fixe pour maintenance"},"content":{"rendered":"<p>&#8211; Con\u00e7u pour effectuer la maintenance en hauteur<\/p>\n<p>&#8211; Structure fixe incorpor\u00e9e \u00e0 la machinerie<\/p>\n<p>&#8211; Garde-corps de protection<\/p>\n<p>&#8211; \u00c9chelle verticale pour acc\u00e9der \u00e0 la plateforme<\/p>\n<p>&#8211; Trappe d&#8217;acc\u00e8s pour am\u00e9liorer la s\u00e9curit\u00e9<\/p>\n","protected":false},"excerpt":{"rendered":"<p>&#8211; Con\u00e7u pour effectuer la maintenance en hauteur &#8211; Structure fixe incorpor\u00e9e \u00e0 la machinerie &#8211; Garde-corps de protection &#8211; \u00c9chelle verticale pour acc\u00e9der \u00e0 la plateforme &#8211; Trappe d&#8217;acc\u00e8s pour am\u00e9liorer la s\u00e9curit\u00e9<\/p>\n","protected":false},"featured_media":3705,"template":"","meta":{"inline_featured_image":false},"product_brand":[],"product_cat":[112],"product_tag":[],"class_list":{"0":"post-8246","1":"product","2":"type-product","3":"status-publish","4":"has-post-thumbnail","6":"product_cat-plateformes-et-passerelles-fixes","8":"first","9":"instock","10":"shipping-taxable","11":"product-type-simple"},"_links":{"self":[{"href":"https:\/\/www.esla.eu\/fr\/wp-json\/wp\/v2\/product\/8246","targetHints":{"allow":["GET"]}}],"collection":[{"href":"https:\/\/www.esla.eu\/fr\/wp-json\/wp\/v2\/product"}],"about":[{"href":"https:\/\/www.esla.eu\/fr\/wp-json\/wp\/v2\/types\/product"}],"wp:featuredmedia":[{"embeddable":true,"href":"https:\/\/www.esla.eu\/fr\/wp-json\/wp\/v2\/media\/3705"}],"wp:attachment":[{"href":"https:\/\/www.esla.eu\/fr\/wp-json\/wp\/v2\/media?parent=8246"}],"wp:term":[{"taxonomy":"product_brand","embeddable":true,"href":"https:\/\/www.esla.eu\/fr\/wp-json\/wp\/v2\/product_brand?post=8246"},{"taxonomy":"product_cat","embeddable":true,"href":"https:\/\/www.esla.eu\/fr\/wp-json\/wp\/v2\/product_cat?post=8246"},{"taxonomy":"product_tag","embeddable":true,"href":"https:\/\/www.esla.eu\/fr\/wp-json\/wp\/v2\/product_tag?post=8246"}],"curies":[{"name":"wp","href":"https:\/\/api.w.org\/{rel}","templated":true}]}}