{"id":8258,"date":"2024-03-18T10:48:08","date_gmt":"2024-03-18T09:48:08","guid":{"rendered":"https:\/\/esla.crealogica.eu\/productos\/non%20class\u00e9\/2011319-plateforme-mobile-de-magasin\/"},"modified":"2024-05-07T11:29:24","modified_gmt":"2024-05-07T09:29:24","slug":"2011319-plateforme-mobile-de-magasin","status":"publish","type":"product","link":"https:\/\/www.esla.eu\/fr\/produits\/solutions-speciales\/plateformes-mobiles\/2011319-plateforme-mobile-de-magasin\/","title":{"rendered":"2011319 &#8211; Plateforme mobile de magasin"},"content":{"rendered":"<p>&#8211; \u00c9chelle 60\u00b0<\/p>\n<p>&#8211; Garde-corps de protection<\/p>\n<p>&#8211; porte-\u00e0-faux de 1600 mm<\/p>\n<p>&#8211; Structure inf\u00e9rieure avanc\u00e9e<\/p>\n<p>&#8211; Structure inf\u00e9rieure avec fer<\/p>\n<p>&#8211; 6 roues pour une mobilit\u00e9 facile<\/p>\n","protected":false},"excerpt":{"rendered":"<p>&#8211; \u00c9chelle 60\u00b0 &#8211; Garde-corps de protection &#8211; porte-\u00e0-faux de 1600 mm &#8211; Structure inf\u00e9rieure avanc\u00e9e &#8211; Structure inf\u00e9rieure avec fer &#8211; 6 roues pour une mobilit\u00e9 facile<\/p>\n","protected":false},"featured_media":3344,"template":"","meta":{"inline_featured_image":false},"product_brand":[],"product_cat":[113],"product_tag":[],"class_list":{"0":"post-8258","1":"product","2":"type-product","3":"status-publish","4":"has-post-thumbnail","6":"product_cat-plateformes-mobiles","8":"first","9":"instock","10":"shipping-taxable","11":"product-type-simple"},"_links":{"self":[{"href":"https:\/\/www.esla.eu\/fr\/wp-json\/wp\/v2\/product\/8258","targetHints":{"allow":["GET"]}}],"collection":[{"href":"https:\/\/www.esla.eu\/fr\/wp-json\/wp\/v2\/product"}],"about":[{"href":"https:\/\/www.esla.eu\/fr\/wp-json\/wp\/v2\/types\/product"}],"wp:featuredmedia":[{"embeddable":true,"href":"https:\/\/www.esla.eu\/fr\/wp-json\/wp\/v2\/media\/3344"}],"wp:attachment":[{"href":"https:\/\/www.esla.eu\/fr\/wp-json\/wp\/v2\/media?parent=8258"}],"wp:term":[{"taxonomy":"product_brand","embeddable":true,"href":"https:\/\/www.esla.eu\/fr\/wp-json\/wp\/v2\/product_brand?post=8258"},{"taxonomy":"product_cat","embeddable":true,"href":"https:\/\/www.esla.eu\/fr\/wp-json\/wp\/v2\/product_cat?post=8258"},{"taxonomy":"product_tag","embeddable":true,"href":"https:\/\/www.esla.eu\/fr\/wp-json\/wp\/v2\/product_tag?post=8258"}],"curies":[{"name":"wp","href":"https:\/\/api.w.org\/{rel}","templated":true}]}}