{"id":8264,"date":"2024-03-18T11:42:40","date_gmt":"2024-03-18T10:42:40","guid":{"rendered":"https:\/\/esla.crealogica.eu\/productos\/non%20class\u00e9\/2001537-2001538-ensemble-de-platesformes-pour-la-maintenance-des-machines-dans-lindustrie-alimentaire\/"},"modified":"2024-05-07T11:32:17","modified_gmt":"2024-05-07T09:32:17","slug":"2001537-2001538-ensemble-de-platesformes-pour-la-maintenance-des-machines-dans-lindustrie-alimentaire","status":"publish","type":"product","link":"https:\/\/www.esla.eu\/fr\/produits\/solutions-speciales\/plateformes-et-passerelles-fixes\/2001537-2001538-ensemble-de-platesformes-pour-la-maintenance-des-machines-dans-lindustrie-alimentaire\/","title":{"rendered":"2001537-2001538 &#8211; Ensemble de platesformes pour la maintenance des machines dans l&#8217;industrie alimentaire"},"content":{"rendered":"<p>&#8211; Deux plates-formes fixes de 6,38 m\u00e8tres de hauteur<\/p>\n<p>&#8211; Acc\u00e8s avec \u00e9chelle verticale<\/p>\n<p>&#8211; Structure \u00e0 diff\u00e9rents niveaux<\/p>\n<p>&#8211; Garde-corps de protection dans tout l&#8217;environnement<\/p>\n<p>&#8211; Utilis\u00e9 pour effectuer l&#8217;entretien des machines<\/p>\n","protected":false},"excerpt":{"rendered":"<p>&#8211; Deux plates-formes fixes de 6,38 m\u00e8tres de hauteur &#8211; Acc\u00e8s avec \u00e9chelle verticale &#8211; Structure \u00e0 diff\u00e9rents niveaux &#8211; Garde-corps de protection dans tout l&#8217;environnement &#8211; Utilis\u00e9 pour effectuer l&#8217;entretien des machines<\/p>\n","protected":false},"featured_media":3722,"template":"","meta":{"inline_featured_image":false},"product_brand":[],"product_cat":[112],"product_tag":[],"class_list":{"0":"post-8264","1":"product","2":"type-product","3":"status-publish","4":"has-post-thumbnail","6":"product_cat-plateformes-et-passerelles-fixes","8":"first","9":"instock","10":"shipping-taxable","11":"product-type-simple"},"_links":{"self":[{"href":"https:\/\/www.esla.eu\/fr\/wp-json\/wp\/v2\/product\/8264","targetHints":{"allow":["GET"]}}],"collection":[{"href":"https:\/\/www.esla.eu\/fr\/wp-json\/wp\/v2\/product"}],"about":[{"href":"https:\/\/www.esla.eu\/fr\/wp-json\/wp\/v2\/types\/product"}],"wp:featuredmedia":[{"embeddable":true,"href":"https:\/\/www.esla.eu\/fr\/wp-json\/wp\/v2\/media\/3722"}],"wp:attachment":[{"href":"https:\/\/www.esla.eu\/fr\/wp-json\/wp\/v2\/media?parent=8264"}],"wp:term":[{"taxonomy":"product_brand","embeddable":true,"href":"https:\/\/www.esla.eu\/fr\/wp-json\/wp\/v2\/product_brand?post=8264"},{"taxonomy":"product_cat","embeddable":true,"href":"https:\/\/www.esla.eu\/fr\/wp-json\/wp\/v2\/product_cat?post=8264"},{"taxonomy":"product_tag","embeddable":true,"href":"https:\/\/www.esla.eu\/fr\/wp-json\/wp\/v2\/product_tag?post=8264"}],"curies":[{"name":"wp","href":"https:\/\/api.w.org\/{rel}","templated":true}]}}