{"id":8270,"date":"2024-03-18T10:57:05","date_gmt":"2024-03-18T09:57:05","guid":{"rendered":"https:\/\/esla.crealogica.eu\/productos\/non%20class\u00e9\/2001569-passerelle-a-deux-niveaux-pour-lentretien-des-machines\/"},"modified":"2024-05-07T11:34:41","modified_gmt":"2024-05-07T09:34:41","slug":"2001569-passerelle-a-deux-niveaux-pour-lentretien-des-machines","status":"publish","type":"product","link":"https:\/\/www.esla.eu\/fr\/produits\/solutions-speciales\/plateformes-mobiles\/2001569-passerelle-a-deux-niveaux-pour-lentretien-des-machines\/","title":{"rendered":"2001569 &#8211; Passerelle \u00e0 deux niveaux pour l&#8217;entretien des machines"},"content":{"rendered":"<p>-Passerelle \u00e0 deux niveaux<\/p>\n<p>-Escaliers pour changer de niveau<\/p>\n<p>-Garde-corps de protection autour du p\u00e9rim\u00e8tre<\/p>\n<p>-Roues<\/p>\n","protected":false},"excerpt":{"rendered":"<p>-Passerelle \u00e0 deux niveaux -Escaliers pour changer de niveau -Garde-corps de protection autour du p\u00e9rim\u00e8tre -Roues<\/p>\n","protected":false},"featured_media":3399,"template":"","meta":{"inline_featured_image":false},"product_brand":[],"product_cat":[113],"product_tag":[],"class_list":{"0":"post-8270","1":"product","2":"type-product","3":"status-publish","4":"has-post-thumbnail","6":"product_cat-plateformes-mobiles","8":"first","9":"instock","10":"shipping-taxable","11":"product-type-simple"},"_links":{"self":[{"href":"https:\/\/www.esla.eu\/fr\/wp-json\/wp\/v2\/product\/8270","targetHints":{"allow":["GET"]}}],"collection":[{"href":"https:\/\/www.esla.eu\/fr\/wp-json\/wp\/v2\/product"}],"about":[{"href":"https:\/\/www.esla.eu\/fr\/wp-json\/wp\/v2\/types\/product"}],"wp:featuredmedia":[{"embeddable":true,"href":"https:\/\/www.esla.eu\/fr\/wp-json\/wp\/v2\/media\/3399"}],"wp:attachment":[{"href":"https:\/\/www.esla.eu\/fr\/wp-json\/wp\/v2\/media?parent=8270"}],"wp:term":[{"taxonomy":"product_brand","embeddable":true,"href":"https:\/\/www.esla.eu\/fr\/wp-json\/wp\/v2\/product_brand?post=8270"},{"taxonomy":"product_cat","embeddable":true,"href":"https:\/\/www.esla.eu\/fr\/wp-json\/wp\/v2\/product_cat?post=8270"},{"taxonomy":"product_tag","embeddable":true,"href":"https:\/\/www.esla.eu\/fr\/wp-json\/wp\/v2\/product_tag?post=8270"}],"curies":[{"name":"wp","href":"https:\/\/api.w.org\/{rel}","templated":true}]}}