{"id":8276,"date":"2024-03-18T11:11:28","date_gmt":"2024-03-18T10:11:28","guid":{"rendered":"https:\/\/esla.crealogica.eu\/productos\/non%20class\u00e9\/2010932-plateforme-mobile\/"},"modified":"2024-05-07T11:37:00","modified_gmt":"2024-05-07T09:37:00","slug":"2010932-plateforme-mobile","status":"publish","type":"product","link":"https:\/\/www.esla.eu\/fr\/produits\/solutions-speciales\/plateformes-mobiles\/2010932-plateforme-mobile\/","title":{"rendered":"2010932 &#8211; Plateforme mobile"},"content":{"rendered":"<p>Plateforme mobile en aluminium pour la maintenance industrielle<\/p>\n<p>&#8211; \u00c9chelle double acc\u00e8s<\/p>\n<p>&#8211; Plateforme sup\u00e9rieure ajust\u00e9e au contour de la machine<\/p>\n<p>&#8211; Ch\u00e2ssis inf\u00e9rieur en acier peint<\/p>\n","protected":false},"excerpt":{"rendered":"<p>Plateforme mobile en aluminium pour la maintenance industrielle &#8211; \u00c9chelle double acc\u00e8s &#8211; Plateforme sup\u00e9rieure ajust\u00e9e au contour de la machine &#8211; Ch\u00e2ssis inf\u00e9rieur en acier peint<\/p>\n","protected":false},"featured_media":3447,"template":"","meta":{"inline_featured_image":false},"product_brand":[],"product_cat":[113],"product_tag":[],"class_list":{"0":"post-8276","1":"product","2":"type-product","3":"status-publish","4":"has-post-thumbnail","6":"product_cat-plateformes-mobiles","8":"first","9":"instock","10":"shipping-taxable","11":"product-type-simple"},"_links":{"self":[{"href":"https:\/\/www.esla.eu\/fr\/wp-json\/wp\/v2\/product\/8276","targetHints":{"allow":["GET"]}}],"collection":[{"href":"https:\/\/www.esla.eu\/fr\/wp-json\/wp\/v2\/product"}],"about":[{"href":"https:\/\/www.esla.eu\/fr\/wp-json\/wp\/v2\/types\/product"}],"wp:featuredmedia":[{"embeddable":true,"href":"https:\/\/www.esla.eu\/fr\/wp-json\/wp\/v2\/media\/3447"}],"wp:attachment":[{"href":"https:\/\/www.esla.eu\/fr\/wp-json\/wp\/v2\/media?parent=8276"}],"wp:term":[{"taxonomy":"product_brand","embeddable":true,"href":"https:\/\/www.esla.eu\/fr\/wp-json\/wp\/v2\/product_brand?post=8276"},{"taxonomy":"product_cat","embeddable":true,"href":"https:\/\/www.esla.eu\/fr\/wp-json\/wp\/v2\/product_cat?post=8276"},{"taxonomy":"product_tag","embeddable":true,"href":"https:\/\/www.esla.eu\/fr\/wp-json\/wp\/v2\/product_tag?post=8276"}],"curies":[{"name":"wp","href":"https:\/\/api.w.org\/{rel}","templated":true}]}}