{"id":8283,"date":"2024-03-18T12:08:38","date_gmt":"2024-03-18T11:08:38","guid":{"rendered":"https:\/\/esla.crealogica.eu\/productos\/non%20class\u00e9\/2001515-plateforme-dacces-fixe\/"},"modified":"2024-05-07T11:39:10","modified_gmt":"2024-05-07T09:39:10","slug":"2001515-plateforme-dacces-fixe","status":"publish","type":"product","link":"https:\/\/www.esla.eu\/fr\/produits\/solutions-speciales\/plateformes-et-passerelles-fixes\/2001515-plateforme-dacces-fixe\/","title":{"rendered":"2001515 &#8211; Plateforme d&#8217;acc\u00e8s fixe"},"content":{"rendered":"<p>Plateforme fixe en aluminium<\/p>\n<p>&#8211; escalier vertical avec porte d&#8217;acc\u00e8s<\/p>\n<p>&#8211; installation r\u00e9alis\u00e9e par notre assembleur euip<\/p>\n","protected":false},"excerpt":{"rendered":"<p>Plateforme fixe en aluminium &#8211; escalier vertical avec porte d&#8217;acc\u00e8s &#8211; installation r\u00e9alis\u00e9e par notre assembleur euip<\/p>\n","protected":false},"featured_media":3936,"template":"","meta":{"inline_featured_image":false},"product_brand":[],"product_cat":[112],"product_tag":[],"class_list":{"0":"post-8283","1":"product","2":"type-product","3":"status-publish","4":"has-post-thumbnail","6":"product_cat-plateformes-et-passerelles-fixes","8":"first","9":"instock","10":"shipping-taxable","11":"product-type-simple"},"_links":{"self":[{"href":"https:\/\/www.esla.eu\/fr\/wp-json\/wp\/v2\/product\/8283","targetHints":{"allow":["GET"]}}],"collection":[{"href":"https:\/\/www.esla.eu\/fr\/wp-json\/wp\/v2\/product"}],"about":[{"href":"https:\/\/www.esla.eu\/fr\/wp-json\/wp\/v2\/types\/product"}],"wp:featuredmedia":[{"embeddable":true,"href":"https:\/\/www.esla.eu\/fr\/wp-json\/wp\/v2\/media\/3936"}],"wp:attachment":[{"href":"https:\/\/www.esla.eu\/fr\/wp-json\/wp\/v2\/media?parent=8283"}],"wp:term":[{"taxonomy":"product_brand","embeddable":true,"href":"https:\/\/www.esla.eu\/fr\/wp-json\/wp\/v2\/product_brand?post=8283"},{"taxonomy":"product_cat","embeddable":true,"href":"https:\/\/www.esla.eu\/fr\/wp-json\/wp\/v2\/product_cat?post=8283"},{"taxonomy":"product_tag","embeddable":true,"href":"https:\/\/www.esla.eu\/fr\/wp-json\/wp\/v2\/product_tag?post=8283"}],"curies":[{"name":"wp","href":"https:\/\/api.w.org\/{rel}","templated":true}]}}