{"id":8289,"date":"2024-03-18T11:29:46","date_gmt":"2024-03-18T10:29:46","guid":{"rendered":"https:\/\/esla.crealogica.eu\/productos\/non%20class\u00e9\/2001516-plateforme-fixe-a-double-acces\/"},"modified":"2024-05-07T11:42:58","modified_gmt":"2024-05-07T09:42:58","slug":"2001516-plateforme-fixe-a-double-acces","status":"publish","type":"product","link":"https:\/\/www.esla.eu\/fr\/produits\/solutions-speciales\/des-ponts\/2001516-plateforme-fixe-a-double-acces\/","title":{"rendered":"2001516 &#8211; Plateforme fixe \u00e0 double acc\u00e8s"},"content":{"rendered":"<p>Plateforme fixe en aluminium avec double acc\u00e8s.<\/p>\n<p>&#8211; officiel<\/p>\n<p>&#8211; installation r\u00e9alis\u00e9e par notre \u00e9quipe d&#8217;installateurs<\/p>\n","protected":false},"excerpt":{"rendered":"<p>Plateforme fixe en aluminium avec double acc\u00e8s. &#8211; officiel &#8211; installation r\u00e9alis\u00e9e par notre \u00e9quipe d&#8217;installateurs<\/p>\n","protected":false},"featured_media":3587,"template":"","meta":{"inline_featured_image":false},"product_brand":[],"product_cat":[115,112],"product_tag":[],"class_list":{"0":"post-8289","1":"product","2":"type-product","3":"status-publish","4":"has-post-thumbnail","6":"product_cat-des-ponts","7":"product_cat-plateformes-et-passerelles-fixes","9":"first","10":"instock","11":"shipping-taxable","12":"product-type-simple"},"_links":{"self":[{"href":"https:\/\/www.esla.eu\/fr\/wp-json\/wp\/v2\/product\/8289","targetHints":{"allow":["GET"]}}],"collection":[{"href":"https:\/\/www.esla.eu\/fr\/wp-json\/wp\/v2\/product"}],"about":[{"href":"https:\/\/www.esla.eu\/fr\/wp-json\/wp\/v2\/types\/product"}],"wp:featuredmedia":[{"embeddable":true,"href":"https:\/\/www.esla.eu\/fr\/wp-json\/wp\/v2\/media\/3587"}],"wp:attachment":[{"href":"https:\/\/www.esla.eu\/fr\/wp-json\/wp\/v2\/media?parent=8289"}],"wp:term":[{"taxonomy":"product_brand","embeddable":true,"href":"https:\/\/www.esla.eu\/fr\/wp-json\/wp\/v2\/product_brand?post=8289"},{"taxonomy":"product_cat","embeddable":true,"href":"https:\/\/www.esla.eu\/fr\/wp-json\/wp\/v2\/product_cat?post=8289"},{"taxonomy":"product_tag","embeddable":true,"href":"https:\/\/www.esla.eu\/fr\/wp-json\/wp\/v2\/product_tag?post=8289"}],"curies":[{"name":"wp","href":"https:\/\/api.w.org\/{rel}","templated":true}]}}