{"id":8295,"date":"2024-03-18T11:18:17","date_gmt":"2024-03-18T10:18:17","guid":{"rendered":"https:\/\/esla.crealogica.eu\/productos\/non%20class\u00e9\/2011017-plateforme-dacces-mobile\/"},"modified":"2024-05-07T11:46:26","modified_gmt":"2024-05-07T09:46:26","slug":"2011017-plateforme-dacces-mobile","status":"publish","type":"product","link":"https:\/\/www.esla.eu\/fr\/produits\/solutions-speciales\/plateformes-mobiles\/2011017-plateforme-dacces-mobile\/","title":{"rendered":"2011017 &#8211; Plateforme d&#8217;acc\u00e8s mobile"},"content":{"rendered":"<p>Plateforme mobile en aluminium pour acc\u00e9der \u00e0 l&#8217;int\u00e9rieur d&#8217;une machine<\/p>\n<p>&#8211; 4 roues pivotantes<\/p>\n<p>&#8211; En porte-\u00e0-faux<\/p>\n<p>&#8211; Garde-corps de protection<\/p>\n","protected":false},"excerpt":{"rendered":"<p>Plateforme mobile en aluminium pour acc\u00e9der \u00e0 l&#8217;int\u00e9rieur d&#8217;une machine &#8211; 4 roues pivotantes &#8211; En porte-\u00e0-faux &#8211; Garde-corps de protection<\/p>\n","protected":false},"featured_media":3495,"template":"","meta":{"inline_featured_image":false},"product_brand":[],"product_cat":[113],"product_tag":[],"class_list":{"0":"post-8295","1":"product","2":"type-product","3":"status-publish","4":"has-post-thumbnail","6":"product_cat-plateformes-mobiles","8":"first","9":"instock","10":"shipping-taxable","11":"product-type-simple"},"_links":{"self":[{"href":"https:\/\/www.esla.eu\/fr\/wp-json\/wp\/v2\/product\/8295","targetHints":{"allow":["GET"]}}],"collection":[{"href":"https:\/\/www.esla.eu\/fr\/wp-json\/wp\/v2\/product"}],"about":[{"href":"https:\/\/www.esla.eu\/fr\/wp-json\/wp\/v2\/types\/product"}],"wp:featuredmedia":[{"embeddable":true,"href":"https:\/\/www.esla.eu\/fr\/wp-json\/wp\/v2\/media\/3495"}],"wp:attachment":[{"href":"https:\/\/www.esla.eu\/fr\/wp-json\/wp\/v2\/media?parent=8295"}],"wp:term":[{"taxonomy":"product_brand","embeddable":true,"href":"https:\/\/www.esla.eu\/fr\/wp-json\/wp\/v2\/product_brand?post=8295"},{"taxonomy":"product_cat","embeddable":true,"href":"https:\/\/www.esla.eu\/fr\/wp-json\/wp\/v2\/product_cat?post=8295"},{"taxonomy":"product_tag","embeddable":true,"href":"https:\/\/www.esla.eu\/fr\/wp-json\/wp\/v2\/product_tag?post=8295"}],"curies":[{"name":"wp","href":"https:\/\/api.w.org\/{rel}","templated":true}]}}