{"id":8307,"date":"2024-03-18T11:56:14","date_gmt":"2024-03-18T10:56:14","guid":{"rendered":"https:\/\/esla.crealogica.eu\/productos\/non%20class\u00e9\/2001531-ensemble-passerelles-et-escaliers-verticaux\/"},"modified":"2024-05-07T12:18:37","modified_gmt":"2024-05-07T10:18:37","slug":"2001531-ensemble-passerelles-et-escaliers-verticaux","status":"publish","type":"product","link":"https:\/\/www.esla.eu\/fr\/produits\/solutions-speciales\/plateformes-et-passerelles-fixes\/2001531-ensemble-passerelles-et-escaliers-verticaux\/","title":{"rendered":"2001531 &#8211; Ensemble passerelles et escaliers verticaux"},"content":{"rendered":"<p>Ensemble de passerelles et escaliers verticaux en installation industrielle<\/p>\n<p>&#8211; Plateforme Tramex<\/p>\n<p>&#8211; \u00c9chelle verticale double mont\u00e9e avec acc\u00e8s lat\u00e9ral<\/p>\n","protected":false},"excerpt":{"rendered":"<p>Ensemble de passerelles et escaliers verticaux en installation industrielle &#8211; Plateforme Tramex &#8211; \u00c9chelle verticale double mont\u00e9e avec acc\u00e8s lat\u00e9ral<\/p>\n","protected":false},"featured_media":3799,"template":"","meta":{"inline_featured_image":false},"product_brand":[],"product_cat":[112],"product_tag":[],"class_list":{"0":"post-8307","1":"product","2":"type-product","3":"status-publish","4":"has-post-thumbnail","6":"product_cat-plateformes-et-passerelles-fixes","8":"first","9":"instock","10":"shipping-taxable","11":"product-type-simple"},"_links":{"self":[{"href":"https:\/\/www.esla.eu\/fr\/wp-json\/wp\/v2\/product\/8307","targetHints":{"allow":["GET"]}}],"collection":[{"href":"https:\/\/www.esla.eu\/fr\/wp-json\/wp\/v2\/product"}],"about":[{"href":"https:\/\/www.esla.eu\/fr\/wp-json\/wp\/v2\/types\/product"}],"wp:featuredmedia":[{"embeddable":true,"href":"https:\/\/www.esla.eu\/fr\/wp-json\/wp\/v2\/media\/3799"}],"wp:attachment":[{"href":"https:\/\/www.esla.eu\/fr\/wp-json\/wp\/v2\/media?parent=8307"}],"wp:term":[{"taxonomy":"product_brand","embeddable":true,"href":"https:\/\/www.esla.eu\/fr\/wp-json\/wp\/v2\/product_brand?post=8307"},{"taxonomy":"product_cat","embeddable":true,"href":"https:\/\/www.esla.eu\/fr\/wp-json\/wp\/v2\/product_cat?post=8307"},{"taxonomy":"product_tag","embeddable":true,"href":"https:\/\/www.esla.eu\/fr\/wp-json\/wp\/v2\/product_tag?post=8307"}],"curies":[{"name":"wp","href":"https:\/\/api.w.org\/{rel}","templated":true}]}}