{"id":8331,"date":"2024-03-18T11:25:04","date_gmt":"2024-03-18T10:25:04","guid":{"rendered":"https:\/\/esla.crealogica.eu\/productos\/non%20class\u00e9\/2030152-pont-mobile\/"},"modified":"2024-05-07T12:29:29","modified_gmt":"2024-05-07T10:29:29","slug":"2030152-pont-mobile","status":"publish","type":"product","link":"https:\/\/www.esla.eu\/fr\/produits\/solutions-speciales\/des-ponts\/2030152-pont-mobile\/","title":{"rendered":"2030152 &#8211; Pont mobile"},"content":{"rendered":"<p>Pont mobile en aluminium pour la maintenance d&#8217;une ligne d&#8217;entrep\u00f4t logistique<\/p>\n<p>&#8211; Acc\u00e8s avec \u00e9chelle articul\u00e9e<\/p>\n<p>&#8211; Longueur 5 500 mm x 4 000 mm<\/p>\n","protected":false},"excerpt":{"rendered":"<p>Pont mobile en aluminium pour la maintenance d&#8217;une ligne d&#8217;entrep\u00f4t logistique &#8211; Acc\u00e8s avec \u00e9chelle articul\u00e9e &#8211; Longueur 5 500 mm x 4 000 mm<\/p>\n","protected":false},"featured_media":3528,"template":"","meta":{"inline_featured_image":false},"product_brand":[],"product_cat":[115],"product_tag":[],"class_list":{"0":"post-8331","1":"product","2":"type-product","3":"status-publish","4":"has-post-thumbnail","6":"product_cat-des-ponts","8":"first","9":"instock","10":"shipping-taxable","11":"product-type-simple"},"_links":{"self":[{"href":"https:\/\/www.esla.eu\/fr\/wp-json\/wp\/v2\/product\/8331","targetHints":{"allow":["GET"]}}],"collection":[{"href":"https:\/\/www.esla.eu\/fr\/wp-json\/wp\/v2\/product"}],"about":[{"href":"https:\/\/www.esla.eu\/fr\/wp-json\/wp\/v2\/types\/product"}],"wp:featuredmedia":[{"embeddable":true,"href":"https:\/\/www.esla.eu\/fr\/wp-json\/wp\/v2\/media\/3528"}],"wp:attachment":[{"href":"https:\/\/www.esla.eu\/fr\/wp-json\/wp\/v2\/media?parent=8331"}],"wp:term":[{"taxonomy":"product_brand","embeddable":true,"href":"https:\/\/www.esla.eu\/fr\/wp-json\/wp\/v2\/product_brand?post=8331"},{"taxonomy":"product_cat","embeddable":true,"href":"https:\/\/www.esla.eu\/fr\/wp-json\/wp\/v2\/product_cat?post=8331"},{"taxonomy":"product_tag","embeddable":true,"href":"https:\/\/www.esla.eu\/fr\/wp-json\/wp\/v2\/product_tag?post=8331"}],"curies":[{"name":"wp","href":"https:\/\/api.w.org\/{rel}","templated":true}]}}