{"id":8337,"date":"2024-03-18T11:54:40","date_gmt":"2024-03-18T10:54:40","guid":{"rendered":"https:\/\/esla.crealogica.eu\/productos\/non%20class\u00e9\/2001471-passerelle-avec-echelle-dacces-verticale\/"},"modified":"2024-05-07T12:31:37","modified_gmt":"2024-05-07T10:31:37","slug":"2001471-passerelle-avec-echelle-dacces-verticale","status":"publish","type":"product","link":"https:\/\/www.esla.eu\/fr\/produits\/solutions-speciales\/plateformes-et-passerelles-fixes\/2001471-passerelle-avec-echelle-dacces-verticale\/","title":{"rendered":"2001471 &#8211; Passerelle avec \u00e9chelle d&#8217;acc\u00e8s verticale"},"content":{"rendered":"<p>Passerelle pour la maintenance des entrep\u00f4ts logistiques<\/p>\n<p>&#8211; Acc\u00e8s avec \u00e9chelle verticale<\/p>\n<p>&#8211; La passerelle est fix\u00e9e \u00e0 la structure de l&#8217;entrep\u00f4t<\/p>\n<p>&#8211; Installation r\u00e9alis\u00e9e par nos installateurs<\/p>\n","protected":false},"excerpt":{"rendered":"<p>Passerelle pour la maintenance des entrep\u00f4ts logistiques &#8211; Acc\u00e8s avec \u00e9chelle verticale &#8211; La passerelle est fix\u00e9e \u00e0 la structure de l&#8217;entrep\u00f4t &#8211; Installation r\u00e9alis\u00e9e par nos installateurs<\/p>\n","protected":false},"featured_media":3787,"template":"","meta":{"inline_featured_image":false},"product_brand":[],"product_cat":[112],"product_tag":[],"class_list":{"0":"post-8337","1":"product","2":"type-product","3":"status-publish","4":"has-post-thumbnail","6":"product_cat-plateformes-et-passerelles-fixes","8":"first","9":"instock","10":"shipping-taxable","11":"product-type-simple"},"_links":{"self":[{"href":"https:\/\/www.esla.eu\/fr\/wp-json\/wp\/v2\/product\/8337","targetHints":{"allow":["GET"]}}],"collection":[{"href":"https:\/\/www.esla.eu\/fr\/wp-json\/wp\/v2\/product"}],"about":[{"href":"https:\/\/www.esla.eu\/fr\/wp-json\/wp\/v2\/types\/product"}],"wp:featuredmedia":[{"embeddable":true,"href":"https:\/\/www.esla.eu\/fr\/wp-json\/wp\/v2\/media\/3787"}],"wp:attachment":[{"href":"https:\/\/www.esla.eu\/fr\/wp-json\/wp\/v2\/media?parent=8337"}],"wp:term":[{"taxonomy":"product_brand","embeddable":true,"href":"https:\/\/www.esla.eu\/fr\/wp-json\/wp\/v2\/product_brand?post=8337"},{"taxonomy":"product_cat","embeddable":true,"href":"https:\/\/www.esla.eu\/fr\/wp-json\/wp\/v2\/product_cat?post=8337"},{"taxonomy":"product_tag","embeddable":true,"href":"https:\/\/www.esla.eu\/fr\/wp-json\/wp\/v2\/product_tag?post=8337"}],"curies":[{"name":"wp","href":"https:\/\/api.w.org\/{rel}","templated":true}]}}