{"id":8343,"date":"2024-03-18T11:49:57","date_gmt":"2024-03-18T10:49:57","guid":{"rendered":"https:\/\/esla.crealogica.eu\/productos\/non%20class\u00e9\/2001472-passerelle-avec-escalier-a-double-acces\/"},"modified":"2024-05-07T12:33:59","modified_gmt":"2024-05-07T10:33:59","slug":"2001472-passerelle-avec-escalier-a-double-acces","status":"publish","type":"product","link":"https:\/\/www.esla.eu\/fr\/produits\/solutions-speciales\/plateformes-et-passerelles-fixes\/2001472-passerelle-avec-escalier-a-double-acces\/","title":{"rendered":"2001472 &#8211; Passerelle avec escalier \u00e0 double acc\u00e8s"},"content":{"rendered":"<p>Passerelle en aluminium pour l&#8217;entretien<\/p>\n<p>&#8211; Acc\u00e8s avec double \u00e9chelle 60\u00b0<\/p>\n<p>&#8211; La passerelle est fix\u00e9e aux cuves<\/p>\n<p>&#8211; Installation r\u00e9alis\u00e9e par nos installateurs<\/p>\n","protected":false},"excerpt":{"rendered":"<p>Passerelle en aluminium pour l&#8217;entretien &#8211; Acc\u00e8s avec double \u00e9chelle 60\u00b0 &#8211; La passerelle est fix\u00e9e aux cuves &#8211; Installation r\u00e9alis\u00e9e par nos installateurs<\/p>\n","protected":false},"featured_media":3775,"template":"","meta":{"inline_featured_image":false},"product_brand":[],"product_cat":[112],"product_tag":[],"class_list":{"0":"post-8343","1":"product","2":"type-product","3":"status-publish","4":"has-post-thumbnail","6":"product_cat-plateformes-et-passerelles-fixes","8":"first","9":"instock","10":"shipping-taxable","11":"product-type-simple"},"_links":{"self":[{"href":"https:\/\/www.esla.eu\/fr\/wp-json\/wp\/v2\/product\/8343","targetHints":{"allow":["GET"]}}],"collection":[{"href":"https:\/\/www.esla.eu\/fr\/wp-json\/wp\/v2\/product"}],"about":[{"href":"https:\/\/www.esla.eu\/fr\/wp-json\/wp\/v2\/types\/product"}],"wp:featuredmedia":[{"embeddable":true,"href":"https:\/\/www.esla.eu\/fr\/wp-json\/wp\/v2\/media\/3775"}],"wp:attachment":[{"href":"https:\/\/www.esla.eu\/fr\/wp-json\/wp\/v2\/media?parent=8343"}],"wp:term":[{"taxonomy":"product_brand","embeddable":true,"href":"https:\/\/www.esla.eu\/fr\/wp-json\/wp\/v2\/product_brand?post=8343"},{"taxonomy":"product_cat","embeddable":true,"href":"https:\/\/www.esla.eu\/fr\/wp-json\/wp\/v2\/product_cat?post=8343"},{"taxonomy":"product_tag","embeddable":true,"href":"https:\/\/www.esla.eu\/fr\/wp-json\/wp\/v2\/product_tag?post=8343"}],"curies":[{"name":"wp","href":"https:\/\/api.w.org\/{rel}","templated":true}]}}