{"id":8349,"date":"2024-03-18T11:57:50","date_gmt":"2024-03-18T10:57:50","guid":{"rendered":"https:\/\/esla.crealogica.eu\/productos\/non%20class\u00e9\/2001422-plateforme-fixe-avec-echelle-dacces-verticale\/"},"modified":"2024-05-07T12:36:28","modified_gmt":"2024-05-07T10:36:28","slug":"2001422-plateforme-fixe-avec-echelle-dacces-verticale","status":"publish","type":"product","link":"https:\/\/www.esla.eu\/fr\/produits\/solutions-speciales\/plateformes-et-passerelles-fixes\/2001422-plateforme-fixe-avec-echelle-dacces-verticale\/","title":{"rendered":"2001422 &#8211; Plateforme fixe avec \u00e9chelle d&#8217;acc\u00e8s verticale"},"content":{"rendered":"<p>Plateforme fixe avec acc\u00e8s vertical<\/p>\n<p>&#8211; Grande plateforme 1830 x 2995 mm<\/p>\n<p>&#8211; Hauteur 3119 mm<\/p>\n<p>&#8211; Les surfaces de la plateforme sont en bois<\/p>\n<p>&#8211; Mains courantes de diff\u00e9rentes mesures pour s&#8217;adapter \u00e0 la zone de travail, et plinthes sur le pourtour<\/p>\n<p>&#8211; \u00c9chelle d&#8217;acc\u00e8s avec anneaux de protection.<\/p>\n<p>&#8211; Installation r\u00e9alis\u00e9e par nos installateurs<\/p>\n","protected":false},"excerpt":{"rendered":"<p>Plateforme fixe avec acc\u00e8s vertical &#8211; Grande plateforme 1830 x 2995 mm &#8211; Hauteur 3119 mm &#8211; Les surfaces de la plateforme sont en bois &#8211; Mains courantes de diff\u00e9rentes mesures pour s&#8217;adapter \u00e0 la zone de travail, et plinthes sur le pourtour &#8211; \u00c9chelle d&#8217;acc\u00e8s avec anneaux de protection. &#8211; Installation r\u00e9alis\u00e9e par nos [&hellip;]<\/p>\n","protected":false},"featured_media":3855,"template":"","meta":{"inline_featured_image":false},"product_brand":[],"product_cat":[112],"product_tag":[],"class_list":{"0":"post-8349","1":"product","2":"type-product","3":"status-publish","4":"has-post-thumbnail","6":"product_cat-plateformes-et-passerelles-fixes","8":"first","9":"instock","10":"shipping-taxable","11":"product-type-simple"},"_links":{"self":[{"href":"https:\/\/www.esla.eu\/fr\/wp-json\/wp\/v2\/product\/8349","targetHints":{"allow":["GET"]}}],"collection":[{"href":"https:\/\/www.esla.eu\/fr\/wp-json\/wp\/v2\/product"}],"about":[{"href":"https:\/\/www.esla.eu\/fr\/wp-json\/wp\/v2\/types\/product"}],"wp:featuredmedia":[{"embeddable":true,"href":"https:\/\/www.esla.eu\/fr\/wp-json\/wp\/v2\/media\/3855"}],"wp:attachment":[{"href":"https:\/\/www.esla.eu\/fr\/wp-json\/wp\/v2\/media?parent=8349"}],"wp:term":[{"taxonomy":"product_brand","embeddable":true,"href":"https:\/\/www.esla.eu\/fr\/wp-json\/wp\/v2\/product_brand?post=8349"},{"taxonomy":"product_cat","embeddable":true,"href":"https:\/\/www.esla.eu\/fr\/wp-json\/wp\/v2\/product_cat?post=8349"},{"taxonomy":"product_tag","embeddable":true,"href":"https:\/\/www.esla.eu\/fr\/wp-json\/wp\/v2\/product_tag?post=8349"}],"curies":[{"name":"wp","href":"https:\/\/api.w.org\/{rel}","templated":true}]}}