{"id":8355,"date":"2024-03-18T12:25:43","date_gmt":"2024-03-18T11:25:43","guid":{"rendered":"https:\/\/esla.crealogica.eu\/productos\/non%20class\u00e9\/2010877-plateforme-mobile-en-aluminium-reglable-en-hauteur\/"},"modified":"2024-05-07T12:39:07","modified_gmt":"2024-05-07T10:39:07","slug":"2010877-plateforme-mobile-en-aluminium-reglable-en-hauteur","status":"publish","type":"product","link":"https:\/\/www.esla.eu\/fr\/produits\/solutions-speciales\/plateformes-reglables-et-remorquables\/2010877-plateforme-mobile-en-aluminium-reglable-en-hauteur\/","title":{"rendered":"2010877 &#8211; Plateforme mobile en aluminium r\u00e9glable en hauteur"},"content":{"rendered":"<p>&#8211; Con\u00e7u pour intervenir sur le toit du camion afin d&#8217;effectuer des travaux d&#8217;entretien.<\/p>\n<p>&#8211; Couvre une r\u00e9gulation comprise entre 2660 et 4100 mm. Il est actionn\u00e9 manuellement \u00e0 l&#8217;aide d&#8217;une manivelle et d&#8217;une cr\u00e9maill\u00e8re.<\/p>\n<p>&#8211; Ensemble sup\u00e9rieur de garde-corps qui d\u00e9limite un espace de 2 100 x 2 200 mm pour pouvoir travailler en toute s\u00e9curit\u00e9. Aux extr\u00e9mit\u00e9s, nous trouvons des supports extensibles qui permettent de l&#8217;ajuster au toit du camion.<\/p>\n<p>&#8211; Equip\u00e9 de 4 roues pivotantes pour man\u0153uvrer sans probl\u00e8me dans les petits espaces, et de pieds r\u00e9glables pour am\u00e9liorer la stabilit\u00e9 en position de travail.<\/p>\n<p>&#8211; Plateforme sup\u00e9rieure pour faciliter le d\u00e9barquement. \u00c0 son extr\u00e9mit\u00e9, il dispose de protections en caoutchouc pour \u00e9viter de heurter le v\u00e9hicule.<\/p>\n","protected":false},"excerpt":{"rendered":"<p>&#8211; Con\u00e7u pour intervenir sur le toit du camion afin d&#8217;effectuer des travaux d&#8217;entretien. &#8211; Couvre une r\u00e9gulation comprise entre 2660 et 4100 mm. Il est actionn\u00e9 manuellement \u00e0 l&#8217;aide d&#8217;une manivelle et d&#8217;une cr\u00e9maill\u00e8re. &#8211; Ensemble sup\u00e9rieur de garde-corps qui d\u00e9limite un espace de 2 100 x 2 200 mm pour pouvoir travailler en [&hellip;]<\/p>\n","protected":false},"featured_media":4062,"template":"","meta":{"inline_featured_image":false},"product_brand":[],"product_cat":[114],"product_tag":[],"class_list":{"0":"post-8355","1":"product","2":"type-product","3":"status-publish","4":"has-post-thumbnail","6":"product_cat-plateformes-reglables-et-remorquables","8":"first","9":"instock","10":"shipping-taxable","11":"product-type-simple"},"_links":{"self":[{"href":"https:\/\/www.esla.eu\/fr\/wp-json\/wp\/v2\/product\/8355","targetHints":{"allow":["GET"]}}],"collection":[{"href":"https:\/\/www.esla.eu\/fr\/wp-json\/wp\/v2\/product"}],"about":[{"href":"https:\/\/www.esla.eu\/fr\/wp-json\/wp\/v2\/types\/product"}],"wp:featuredmedia":[{"embeddable":true,"href":"https:\/\/www.esla.eu\/fr\/wp-json\/wp\/v2\/media\/4062"}],"wp:attachment":[{"href":"https:\/\/www.esla.eu\/fr\/wp-json\/wp\/v2\/media?parent=8355"}],"wp:term":[{"taxonomy":"product_brand","embeddable":true,"href":"https:\/\/www.esla.eu\/fr\/wp-json\/wp\/v2\/product_brand?post=8355"},{"taxonomy":"product_cat","embeddable":true,"href":"https:\/\/www.esla.eu\/fr\/wp-json\/wp\/v2\/product_cat?post=8355"},{"taxonomy":"product_tag","embeddable":true,"href":"https:\/\/www.esla.eu\/fr\/wp-json\/wp\/v2\/product_tag?post=8355"}],"curies":[{"name":"wp","href":"https:\/\/api.w.org\/{rel}","templated":true}]}}