{"id":9209,"date":"2024-03-12T13:30:39","date_gmt":"2024-03-12T12:30:39","guid":{"rendered":"https:\/\/esla.crealogica.eu\/productos\/non%20class\u00e9\/4024-escabeau-a-double-acces-et-marche-large-en131-1-2\/"},"modified":"2025-05-29T16:06:01","modified_gmt":"2025-05-29T14:06:01","slug":"4024-escabeau-a-double-acces-et-marche-large-en131-1-2","status":"publish","type":"product","link":"https:\/\/www.esla.eu\/fr\/produits\/echelles-portatives\/4024-escabeau-a-double-acces-et-marche-large-en131-1-2\/","title":{"rendered":"4024 &#8211; Escabeau \u00e0 double acc\u00e8s et marche large EN131.1-2"},"content":{"rendered":"<p><strong>Fonctionnalit\u00e9s \u00e0 souligner<\/strong><\/p>\n<p>Hauteur de travail maximale approximative (mts)\u00a0: 3,3<\/p>\n<p>Inclinaison \u00b0\u00a0: 68<\/p>\n<p>\u00c9chelon (mm)\u00a0: 80<\/p>\n<p>Espacement des \u00e9chelons (mm)\u00a0: 230<\/p>\n<p><strong>Autres d\u00e9tails<\/strong><\/p>\n<p>Montants lat\u00e9raux extrud\u00e9s ergonomiques.<\/p>\n<p>Ouverture de la cassette.<\/p>\n<p>Entretoises de renfort de premi\u00e8re \u00e9tape.<\/p>\n<p>Pieds inclin\u00e9s offrant plus de surface d&#8217;appui.<\/p>\n<p>Charni\u00e8re en acier plastifi\u00e9.<\/p>\n","protected":false},"excerpt":{"rendered":"<p>Fonctionnalit\u00e9s \u00e0 souligner Hauteur de travail maximale approximative (mts)\u00a0: 3,3 Inclinaison \u00b0\u00a0: 68 \u00c9chelon (mm)\u00a0: 80 Espacement des \u00e9chelons (mm)\u00a0: 230 Autres d\u00e9tails Montants lat\u00e9raux extrud\u00e9s ergonomiques. Ouverture de la cassette. Entretoises de renfort de premi\u00e8re \u00e9tape. Pieds inclin\u00e9s offrant plus de surface d&#8217;appui. Charni\u00e8re en acier plastifi\u00e9.<\/p>\n","protected":false},"featured_media":1788,"template":"","meta":{"inline_featured_image":false},"product_brand":[],"product_cat":[100],"product_tag":[],"class_list":{"0":"post-9209","1":"product","2":"type-product","3":"status-publish","4":"has-post-thumbnail","6":"product_cat-echelles-portatives","8":"first","9":"instock","10":"shipping-taxable","11":"purchasable","12":"product-type-simple"},"_links":{"self":[{"href":"https:\/\/www.esla.eu\/fr\/wp-json\/wp\/v2\/product\/9209","targetHints":{"allow":["GET"]}}],"collection":[{"href":"https:\/\/www.esla.eu\/fr\/wp-json\/wp\/v2\/product"}],"about":[{"href":"https:\/\/www.esla.eu\/fr\/wp-json\/wp\/v2\/types\/product"}],"wp:featuredmedia":[{"embeddable":true,"href":"https:\/\/www.esla.eu\/fr\/wp-json\/wp\/v2\/media\/1788"}],"wp:attachment":[{"href":"https:\/\/www.esla.eu\/fr\/wp-json\/wp\/v2\/media?parent=9209"}],"wp:term":[{"taxonomy":"product_brand","embeddable":true,"href":"https:\/\/www.esla.eu\/fr\/wp-json\/wp\/v2\/product_brand?post=9209"},{"taxonomy":"product_cat","embeddable":true,"href":"https:\/\/www.esla.eu\/fr\/wp-json\/wp\/v2\/product_cat?post=9209"},{"taxonomy":"product_tag","embeddable":true,"href":"https:\/\/www.esla.eu\/fr\/wp-json\/wp\/v2\/product_tag?post=9209"}],"curies":[{"name":"wp","href":"https:\/\/api.w.org\/{rel}","templated":true}]}}