{"id":9242,"date":"2024-03-13T09:26:49","date_gmt":"2024-03-13T08:26:49","guid":{"rendered":"https:\/\/esla.crealogica.eu\/productos\/non%20class\u00e9\/4123-escabeaux-double-acces-avec-rallonges-en131-1-2\/"},"modified":"2025-05-29T16:05:58","modified_gmt":"2025-05-29T14:05:58","slug":"4123-escabeaux-double-acces-avec-rallonges-en131-1-2","status":"publish","type":"product","link":"https:\/\/www.esla.eu\/fr\/produits\/echelles-portatives\/4123-escabeaux-double-acces-avec-rallonges-en131-1-2\/","title":{"rendered":"4123 &#8211; Escabeaux double acc\u00e8s avec rallonges EN131.1-2"},"content":{"rendered":"<p><strong>Fonctionnalit\u00e9s \u00e0 souligner<\/strong><\/p>\n<p>Hauteur de travail maximale approximative (mts)\u00a0: 3,05<\/p>\n<p>Inclinaison \u00b0\u00a0: 75<\/p>\n<p>\u00c9chelon (mm)\u00a0: 30<\/p>\n<p>Espacement des \u00e9chelons (mm)\u00a0: 270<\/p>\n<p><strong>Autres d\u00e9tails<\/strong><\/p>\n<p>Quatre extensions de base r\u00e9glables en continu (2&#215;1 000, 2x 370)<\/p>\n<p>Protection contre l&#8217;expansion avec des rubans perlon haute r\u00e9sistance.<\/p>\n<p>Dispositif de verrouillage brevet\u00e9 avec goujons de retenue.<\/p>\n","protected":false},"excerpt":{"rendered":"<p>Fonctionnalit\u00e9s \u00e0 souligner Hauteur de travail maximale approximative (mts)\u00a0: 3,05 Inclinaison \u00b0\u00a0: 75 \u00c9chelon (mm)\u00a0: 30 Espacement des \u00e9chelons (mm)\u00a0: 270 Autres d\u00e9tails Quatre extensions de base r\u00e9glables en continu (2&#215;1 000, 2x 370) Protection contre l&#8217;expansion avec des rubans perlon haute r\u00e9sistance. Dispositif de verrouillage brevet\u00e9 avec goujons de retenue.<\/p>\n","protected":false},"featured_media":2058,"template":"","meta":{"inline_featured_image":false},"product_brand":[],"product_cat":[100],"product_tag":[],"class_list":{"0":"post-9242","1":"product","2":"type-product","3":"status-publish","4":"has-post-thumbnail","6":"product_cat-echelles-portatives","8":"first","9":"instock","10":"shipping-taxable","11":"purchasable","12":"product-type-simple"},"_links":{"self":[{"href":"https:\/\/www.esla.eu\/fr\/wp-json\/wp\/v2\/product\/9242","targetHints":{"allow":["GET"]}}],"collection":[{"href":"https:\/\/www.esla.eu\/fr\/wp-json\/wp\/v2\/product"}],"about":[{"href":"https:\/\/www.esla.eu\/fr\/wp-json\/wp\/v2\/types\/product"}],"wp:featuredmedia":[{"embeddable":true,"href":"https:\/\/www.esla.eu\/fr\/wp-json\/wp\/v2\/media\/2058"}],"wp:attachment":[{"href":"https:\/\/www.esla.eu\/fr\/wp-json\/wp\/v2\/media?parent=9242"}],"wp:term":[{"taxonomy":"product_brand","embeddable":true,"href":"https:\/\/www.esla.eu\/fr\/wp-json\/wp\/v2\/product_brand?post=9242"},{"taxonomy":"product_cat","embeddable":true,"href":"https:\/\/www.esla.eu\/fr\/wp-json\/wp\/v2\/product_cat?post=9242"},{"taxonomy":"product_tag","embeddable":true,"href":"https:\/\/www.esla.eu\/fr\/wp-json\/wp\/v2\/product_tag?post=9242"}],"curies":[{"name":"wp","href":"https:\/\/api.w.org\/{rel}","templated":true}]}}