{"id":9249,"date":"2024-03-13T10:14:14","date_gmt":"2024-03-13T09:14:14","guid":{"rendered":"https:\/\/esla.crealogica.eu\/productos\/non%20class\u00e9\/6023-escabeau-a-double-acces-en131-1-2\/"},"modified":"2025-05-29T16:05:57","modified_gmt":"2025-05-29T14:05:57","slug":"6023-escabeau-a-double-acces-en131-1-2","status":"publish","type":"product","link":"https:\/\/www.esla.eu\/fr\/produits\/echelles-portatives\/6023-escabeau-a-double-acces-en131-1-2\/","title":{"rendered":"6023 &#8211; Escabeau \u00e0 double acc\u00e8s EN131.1-2"},"content":{"rendered":"<p><strong>Fonctionnalit\u00e9s \u00e0 souligner<\/strong><\/p>\n<p>Hauteur de travail maximale approximative (mts)\u00a0: 6<\/p>\n<p>Inclinaison \u00b0\u00a0: 75<\/p>\n<p>\u00c9chelon (mm)\u00a0: 30<\/p>\n<p>Espacement des \u00e9chelons (mm)\u00a0: 270<\/p>\n<p><strong>Autres d\u00e9tails<\/strong><\/p>\n<p>Montants lat\u00e9raux extrud\u00e9s ergonomiques.<\/p>\n<p>Ruban d&#8217;ouverture de 30\u00a0mm.<\/p>\n<p>Entretoises de renfort de premi\u00e8re \u00e9tape.<\/p>\n<p>Pieds inclin\u00e9s offrant plus de surface d&#8217;appui.<\/p>\n","protected":false},"excerpt":{"rendered":"<p>Fonctionnalit\u00e9s \u00e0 souligner Hauteur de travail maximale approximative (mts)\u00a0: 6 Inclinaison \u00b0\u00a0: 75 \u00c9chelon (mm)\u00a0: 30 Espacement des \u00e9chelons (mm)\u00a0: 270 Autres d\u00e9tails Montants lat\u00e9raux extrud\u00e9s ergonomiques. Ruban d&#8217;ouverture de 30\u00a0mm. Entretoises de renfort de premi\u00e8re \u00e9tape. Pieds inclin\u00e9s offrant plus de surface d&#8217;appui.<\/p>\n","protected":false},"featured_media":2126,"template":"","meta":{"inline_featured_image":false},"product_brand":[],"product_cat":[100],"product_tag":[],"class_list":{"0":"post-9249","1":"product","2":"type-product","3":"status-publish","4":"has-post-thumbnail","6":"product_cat-echelles-portatives","8":"first","9":"instock","10":"shipping-taxable","11":"purchasable","12":"product-type-simple"},"_links":{"self":[{"href":"https:\/\/www.esla.eu\/fr\/wp-json\/wp\/v2\/product\/9249","targetHints":{"allow":["GET"]}}],"collection":[{"href":"https:\/\/www.esla.eu\/fr\/wp-json\/wp\/v2\/product"}],"about":[{"href":"https:\/\/www.esla.eu\/fr\/wp-json\/wp\/v2\/types\/product"}],"wp:featuredmedia":[{"embeddable":true,"href":"https:\/\/www.esla.eu\/fr\/wp-json\/wp\/v2\/media\/2126"}],"wp:attachment":[{"href":"https:\/\/www.esla.eu\/fr\/wp-json\/wp\/v2\/media?parent=9249"}],"wp:term":[{"taxonomy":"product_brand","embeddable":true,"href":"https:\/\/www.esla.eu\/fr\/wp-json\/wp\/v2\/product_brand?post=9249"},{"taxonomy":"product_cat","embeddable":true,"href":"https:\/\/www.esla.eu\/fr\/wp-json\/wp\/v2\/product_cat?post=9249"},{"taxonomy":"product_tag","embeddable":true,"href":"https:\/\/www.esla.eu\/fr\/wp-json\/wp\/v2\/product_tag?post=9249"}],"curies":[{"name":"wp","href":"https:\/\/api.w.org\/{rel}","templated":true}]}}