{"id":9257,"date":"2024-03-13T10:28:01","date_gmt":"2024-03-13T09:28:01","guid":{"rendered":"https:\/\/esla.crealogica.eu\/productos\/non%20class\u00e9\/6024-escabeaux-double-acces-a-marches-larges-en131-1-2\/"},"modified":"2025-05-29T16:05:57","modified_gmt":"2025-05-29T14:05:57","slug":"6024-escabeaux-double-acces-a-marches-larges-en131-1-2","status":"publish","type":"product","link":"https:\/\/www.esla.eu\/fr\/produits\/echelles-portatives\/6024-escabeaux-double-acces-a-marches-larges-en131-1-2\/","title":{"rendered":"6024 &#8211; Escabeaux double acc\u00e8s \u00e0 marches larges EN131.1-2"},"content":{"rendered":"<p>Fonctionnalit\u00e9s \u00e0 souligner<\/p>\n<p>Hauteur de travail maximale approximative (mts)\u00a0: 3,33<\/p>\n<p>Inclinaison \u00b0\u00a0: 68<\/p>\n<p>\u00c9chelon (mm)\u00a0: 80<\/p>\n<p>Espacement des \u00e9chelons (mm)\u00a0: 270<\/p>\n<p>Autres d\u00e9tails<\/p>\n<p>Le montant en forme de D procure un bien plus grand sentiment de s\u00e9curit\u00e9 lors du travail sur l&#8217;\u00e9chelle, ainsi qu&#8217;une r\u00e9sistance 4 fois plus \u00e9lev\u00e9e des longerons \u00e0 la torsion.<\/p>\n<p>\u00c9l\u00e9ment de charni\u00e8re sans entretien (la salet\u00e9 ne peut pas adh\u00e9rer).<\/p>\n<p>Clous ext\u00e9rieurs extra larges, rivet\u00e9s au montant.<\/p>\n","protected":false},"excerpt":{"rendered":"<p>Fonctionnalit\u00e9s \u00e0 souligner Hauteur de travail maximale approximative (mts)\u00a0: 3,33 Inclinaison \u00b0\u00a0: 68 \u00c9chelon (mm)\u00a0: 80 Espacement des \u00e9chelons (mm)\u00a0: 270 Autres d\u00e9tails Le montant en forme de D procure un bien plus grand sentiment de s\u00e9curit\u00e9 lors du travail sur l&#8217;\u00e9chelle, ainsi qu&#8217;une r\u00e9sistance 4 fois plus \u00e9lev\u00e9e des longerons \u00e0 la torsion. \u00c9l\u00e9ment [&hellip;]<\/p>\n","protected":false},"featured_media":2143,"template":"","meta":{"inline_featured_image":false},"product_brand":[],"product_cat":[100],"product_tag":[],"class_list":{"0":"post-9257","1":"product","2":"type-product","3":"status-publish","4":"has-post-thumbnail","6":"product_cat-echelles-portatives","8":"first","9":"instock","10":"shipping-taxable","11":"purchasable","12":"product-type-simple"},"_links":{"self":[{"href":"https:\/\/www.esla.eu\/fr\/wp-json\/wp\/v2\/product\/9257","targetHints":{"allow":["GET"]}}],"collection":[{"href":"https:\/\/www.esla.eu\/fr\/wp-json\/wp\/v2\/product"}],"about":[{"href":"https:\/\/www.esla.eu\/fr\/wp-json\/wp\/v2\/types\/product"}],"wp:featuredmedia":[{"embeddable":true,"href":"https:\/\/www.esla.eu\/fr\/wp-json\/wp\/v2\/media\/2143"}],"wp:attachment":[{"href":"https:\/\/www.esla.eu\/fr\/wp-json\/wp\/v2\/media?parent=9257"}],"wp:term":[{"taxonomy":"product_brand","embeddable":true,"href":"https:\/\/www.esla.eu\/fr\/wp-json\/wp\/v2\/product_brand?post=9257"},{"taxonomy":"product_cat","embeddable":true,"href":"https:\/\/www.esla.eu\/fr\/wp-json\/wp\/v2\/product_cat?post=9257"},{"taxonomy":"product_tag","embeddable":true,"href":"https:\/\/www.esla.eu\/fr\/wp-json\/wp\/v2\/product_tag?post=9257"}],"curies":[{"name":"wp","href":"https:\/\/api.w.org\/{rel}","templated":true}]}}